{"id":7506,"date":"2026-04-01T18:00:36","date_gmt":"2026-04-01T17:00:36","guid":{"rendered":"https:\/\/loubasali.com\/?post_type=product&#038;p=7506"},"modified":"2026-04-19T18:02:20","modified_gmt":"2026-04-19T17:02:20","slug":"aloha-sweetheart-tirage-dart-pin-up-retro-signe-edition-limitee","status":"publish","type":"product","link":"https:\/\/loubasali.com\/en\/product\/aloha-sweetheart-tirage-dart-pin-up-retro-signe-edition-limitee\/","title":{"rendered":"Tirage sign\u00e9 &#8211; \u00e9dition limit\u00e9e"},"content":{"rendered":"<p data-start=\"591\" data-end=\"907\">This illustration was born from a craving for sunshine, retro charm, and postcard-style sweetness.<br data-start=\"692\" data-end=\"695\" \/>A mermaid inspired by 1950s pin-ups, a quiet beach, a tiki drink in hand...<br data-start=\"782\" data-end=\"785\" \/>It\u2019s a whimsical and nostalgic scene, perfect for those who love vintage worlds with a playful twist.<\/p>\n<p data-start=\"909\" data-end=\"1095\"><strong data-start=\"909\" data-end=\"979\">This print is part of a very limited edition of 10 copies.<\/strong><br data-start=\"979\" data-end=\"982\" \/>Each one is carefully hand-signed and numbered, and comes with a certificate of authenticity.<\/p>\n<p data-start=\"1097\" data-end=\"1340\">Printed on <strong data-start=\"1112\" data-end=\"1147\">Hahnem\u00fchle Photo Rag 308g fine art paper<\/strong>, in 30 \u00d7 40 cm <strong data-start=\"1159\" data-end=\"1173\">format<\/strong>, this print is ready to be framed or gifted.<br data-start=\"1219\" data-end=\"1222\" \/>The print faithfully captures the colors and details of the original artwork, with a warm and luminous finish.<\/p>\n<p data-start=\"1342\" data-end=\"1449\"><strong data-start=\"1342\" data-end=\"1388\">A true collector\u2019s piece, made to last,<\/strong>, and to bring a touch of fantasy to your space.<\/p>","protected":false},"excerpt":{"rendered":"<p>A retro mermaid, a tiki cocktail, and a splash of sunshine to brighten up your decor.<br data-start=\"326\" data-end=\"329\" \/>A hand-signed and numbered fine art print, available in a very limited edition.<br data-start=\"386\" data-end=\"389\" \/>Perfect as a gift, to frame, or to collect \u2014 especially if you love pin-ups, tiki culture, and vintage vibes.<\/p>","protected":false},"featured_media":7503,"template":"","meta":{"_eb_attr":"","_crdt_document":"","ocean_post_layout":"","ocean_both_sidebars_style":"","ocean_both_sidebars_content_width":0,"ocean_both_sidebars_sidebars_width":0,"ocean_sidebar":"0","ocean_second_sidebar":"0","ocean_disable_margins":"enable","ocean_add_body_class":"","ocean_shortcode_before_top_bar":"","ocean_shortcode_after_top_bar":"","ocean_shortcode_before_header":"","ocean_shortcode_after_header":"","ocean_has_shortcode":"","ocean_shortcode_after_title":"","ocean_shortcode_before_footer_widgets":"","ocean_shortcode_after_footer_widgets":"","ocean_shortcode_before_footer_bottom":"","ocean_shortcode_after_footer_bottom":"","ocean_display_top_bar":"default","ocean_display_header":"default","ocean_header_style":"","ocean_center_header_left_menu":"0","ocean_custom_header_template":"0","ocean_custom_logo":0,"ocean_custom_retina_logo":0,"ocean_custom_logo_max_width":0,"ocean_custom_logo_tablet_max_width":0,"ocean_custom_logo_mobile_max_width":0,"ocean_custom_logo_max_height":0,"ocean_custom_logo_tablet_max_height":0,"ocean_custom_logo_mobile_max_height":0,"ocean_header_custom_menu":"0","ocean_menu_typo_font_family":"0","ocean_menu_typo_font_subset":"","ocean_menu_typo_font_size":0,"ocean_menu_typo_font_size_tablet":0,"ocean_menu_typo_font_size_mobile":0,"ocean_menu_typo_font_size_unit":"px","ocean_menu_typo_font_weight":"","ocean_menu_typo_font_weight_tablet":"","ocean_menu_typo_font_weight_mobile":"","ocean_menu_typo_transform":"","ocean_menu_typo_transform_tablet":"","ocean_menu_typo_transform_mobile":"","ocean_menu_typo_line_height":0,"ocean_menu_typo_line_height_tablet":0,"ocean_menu_typo_line_height_mobile":0,"ocean_menu_typo_line_height_unit":"","ocean_menu_typo_spacing":0,"ocean_menu_typo_spacing_tablet":0,"ocean_menu_typo_spacing_mobile":0,"ocean_menu_typo_spacing_unit":"","ocean_menu_link_color":"","ocean_menu_link_color_hover":"","ocean_menu_link_color_active":"","ocean_menu_link_background":"","ocean_menu_link_hover_background":"","ocean_menu_link_active_background":"","ocean_menu_social_links_bg":"","ocean_menu_social_hover_links_bg":"","ocean_menu_social_links_color":"","ocean_menu_social_hover_links_color":"","ocean_disable_title":"default","ocean_disable_heading":"default","ocean_post_title":"","ocean_post_subheading":"","ocean_post_title_style":"","ocean_post_title_background_color":"","ocean_post_title_background":0,"ocean_post_title_bg_image_position":"","ocean_post_title_bg_image_attachment":"","ocean_post_title_bg_image_repeat":"","ocean_post_title_bg_image_size":"","ocean_post_title_height":0,"ocean_post_title_bg_overlay":0.5,"ocean_post_title_bg_overlay_color":"","ocean_disable_breadcrumbs":"default","ocean_breadcrumbs_color":"","ocean_breadcrumbs_separator_color":"","ocean_breadcrumbs_links_color":"","ocean_breadcrumbs_links_hover_color":"","ocean_display_footer_widgets":"default","ocean_display_footer_bottom":"default","ocean_custom_footer_template":"0"},"product_brand":[],"product_cat":[95,110,40,101],"product_tag":[105,104,103,109,108,106,107,102],"class_list":{"0":"post-7506","1":"product","2":"type-product","3":"status-publish","4":"has-post-thumbnail","6":"product_cat-affiches","7":"product_cat-editions-limitees","8":"product_cat-impressions","9":"product_cat-tirages-art","10":"product_tag-art-retro","11":"product_tag-edition-limitee","12":"product_tag-illustration-pin-up","13":"product_tag-lou-basali","14":"product_tag-papier-hahnemuhle","15":"product_tag-sirene","16":"product_tag-tiki","17":"product_tag-tirage-dart","19":"entry","20":"has-media","22":"first","23":"instock","24":"shipping-taxable","25":"purchasable","26":"product-type-simple","27":"has-product-nav","28":"col","29":"span_1_of_4","30":"owp-content-center","31":"owp-thumbs-layout-horizontal","32":"owp-btn-normal","33":"owp-tabs-layout-horizontal"},"yoast_head":"<!-- This site is optimized with the Yoast SEO plugin v27.4 - https:\/\/yoast.com\/product\/yoast-seo-wordpress\/ -->\n<title>Tirage sign\u00e9 - \u00e9dition limit\u00e9e -<\/title>\n<meta name=\"robots\" content=\"index, follow, max-snippet:-1, max-image-preview:large, max-video-preview:-1\" \/>\n<link rel=\"canonical\" href=\"https:\/\/loubasali.com\/en\/product\/aloha-sweetheart-tirage-dart-pin-up-retro-signe-edition-limitee\/\" \/>\n<meta property=\"og:locale\" content=\"en_US\" \/>\n<meta property=\"og:type\" content=\"article\" \/>\n<meta property=\"og:title\" content=\"Tirage sign\u00e9 - \u00e9dition limit\u00e9e -\" \/>\n<meta property=\"og:description\" content=\"Une sir\u00e8ne r\u00e9tro, un cocktail tiki et l\u2019envie de faire entrer un peu de soleil dans votre d\u00e9co.Un tirage d\u2019art sign\u00e9 et num\u00e9rot\u00e9, en toute petite s\u00e9rie.\u00c0 offrir, \u00e0 encadrer ou \u00e0 collectionner si vous aimez les pin-ups, la culture tiki et les ambiances vintage.\" \/>\n<meta property=\"og:url\" content=\"https:\/\/loubasali.com\/en\/product\/aloha-sweetheart-tirage-dart-pin-up-retro-signe-edition-limitee\/\" \/>\n<meta property=\"article:modified_time\" content=\"2026-04-19T17:02:20+00:00\" \/>\n<meta property=\"og:image\" content=\"https:\/\/loubasali.com\/wp-content\/uploads\/2025\/06\/Aloha-Sweetheart-Artprint-Limited-Edition.jpg\" \/>\n\t<meta property=\"og:image:width\" content=\"1000\" \/>\n\t<meta property=\"og:image:height\" content=\"1000\" \/>\n\t<meta property=\"og:image:type\" content=\"image\/jpeg\" \/>\n<meta name=\"twitter:card\" content=\"summary_large_image\" \/>\n<meta name=\"twitter:label1\" content=\"Est. reading time\" \/>\n\t<meta name=\"twitter:data1\" content=\"1 minute\" \/>\n<script type=\"application\/ld+json\" class=\"yoast-schema-graph\">{\"@context\":\"https:\\\/\\\/schema.org\",\"@graph\":[{\"@type\":\"WebPage\",\"@id\":\"https:\\\/\\\/loubasali.com\\\/produit\\\/aloha-sweetheart-tirage-dart-pin-up-retro-signe-edition-limitee\\\/\",\"url\":\"https:\\\/\\\/loubasali.com\\\/produit\\\/aloha-sweetheart-tirage-dart-pin-up-retro-signe-edition-limitee\\\/\",\"name\":\"Tirage sign\u00e9 - \u00e9dition limit\u00e9e -\",\"isPartOf\":{\"@id\":\"https:\\\/\\\/loubasali.com\\\/#website\"},\"primaryImageOfPage\":{\"@id\":\"https:\\\/\\\/loubasali.com\\\/produit\\\/aloha-sweetheart-tirage-dart-pin-up-retro-signe-edition-limitee\\\/#primaryimage\"},\"image\":{\"@id\":\"https:\\\/\\\/loubasali.com\\\/produit\\\/aloha-sweetheart-tirage-dart-pin-up-retro-signe-edition-limitee\\\/#primaryimage\"},\"thumbnailUrl\":\"https:\\\/\\\/loubasali.com\\\/wp-content\\\/uploads\\\/2025\\\/06\\\/Aloha-Sweetheart-Artprint-Limited-Edition.jpg\",\"datePublished\":\"2026-04-01T17:00:36+00:00\",\"dateModified\":\"2026-04-19T17:02:20+00:00\",\"breadcrumb\":{\"@id\":\"https:\\\/\\\/loubasali.com\\\/produit\\\/aloha-sweetheart-tirage-dart-pin-up-retro-signe-edition-limitee\\\/#breadcrumb\"},\"inLanguage\":\"en-US\",\"potentialAction\":[{\"@type\":\"ReadAction\",\"target\":[\"https:\\\/\\\/loubasali.com\\\/produit\\\/aloha-sweetheart-tirage-dart-pin-up-retro-signe-edition-limitee\\\/\"]}]},{\"@type\":\"ImageObject\",\"inLanguage\":\"en-US\",\"@id\":\"https:\\\/\\\/loubasali.com\\\/produit\\\/aloha-sweetheart-tirage-dart-pin-up-retro-signe-edition-limitee\\\/#primaryimage\",\"url\":\"https:\\\/\\\/loubasali.com\\\/wp-content\\\/uploads\\\/2025\\\/06\\\/Aloha-Sweetheart-Artprint-Limited-Edition.jpg\",\"contentUrl\":\"https:\\\/\\\/loubasali.com\\\/wp-content\\\/uploads\\\/2025\\\/06\\\/Aloha-Sweetheart-Artprint-Limited-Edition.jpg\",\"width\":1000,\"height\":1000},{\"@type\":\"BreadcrumbList\",\"@id\":\"https:\\\/\\\/loubasali.com\\\/produit\\\/aloha-sweetheart-tirage-dart-pin-up-retro-signe-edition-limitee\\\/#breadcrumb\",\"itemListElement\":[{\"@type\":\"ListItem\",\"position\":1,\"name\":\"Accueil\",\"item\":\"https:\\\/\\\/loubasali.com\\\/\"},{\"@type\":\"ListItem\",\"position\":2,\"name\":\"Produits\",\"item\":\"https:\\\/\\\/loubasali.com\\\/idees-cadeaux-pinup-vintage-essonne\\\/\"},{\"@type\":\"ListItem\",\"position\":3,\"name\":\"Tirage sign\u00e9 &#8211; \u00e9dition limit\u00e9e\"}]},{\"@type\":\"WebSite\",\"@id\":\"https:\\\/\\\/loubasali.com\\\/#website\",\"url\":\"https:\\\/\\\/loubasali.com\\\/\",\"name\":\"\",\"description\":\"\",\"potentialAction\":[{\"@type\":\"SearchAction\",\"target\":{\"@type\":\"EntryPoint\",\"urlTemplate\":\"https:\\\/\\\/loubasali.com\\\/?s={search_term_string}\"},\"query-input\":{\"@type\":\"PropertyValueSpecification\",\"valueRequired\":true,\"valueName\":\"search_term_string\"}}],\"inLanguage\":\"en-US\"}]}<\/script>\n<!-- \/ Yoast SEO plugin. -->","yoast_head_json":{"title":"Tirage sign\u00e9 - \u00e9dition limit\u00e9e -","robots":{"index":"index","follow":"follow","max-snippet":"max-snippet:-1","max-image-preview":"max-image-preview:large","max-video-preview":"max-video-preview:-1"},"canonical":"https:\/\/loubasali.com\/en\/product\/aloha-sweetheart-tirage-dart-pin-up-retro-signe-edition-limitee\/","og_locale":"en_US","og_type":"article","og_title":"Tirage sign\u00e9 - \u00e9dition limit\u00e9e -","og_description":"Une sir\u00e8ne r\u00e9tro, un cocktail tiki et l\u2019envie de faire entrer un peu de soleil dans votre d\u00e9co.Un tirage d\u2019art sign\u00e9 et num\u00e9rot\u00e9, en toute petite s\u00e9rie.\u00c0 offrir, \u00e0 encadrer ou \u00e0 collectionner si vous aimez les pin-ups, la culture tiki et les ambiances vintage.","og_url":"https:\/\/loubasali.com\/en\/product\/aloha-sweetheart-tirage-dart-pin-up-retro-signe-edition-limitee\/","article_modified_time":"2026-04-19T17:02:20+00:00","og_image":[{"width":1000,"height":1000,"url":"https:\/\/loubasali.com\/wp-content\/uploads\/2025\/06\/Aloha-Sweetheart-Artprint-Limited-Edition.jpg","type":"image\/jpeg"}],"twitter_card":"summary_large_image","twitter_misc":{"Est. reading time":"1 minute"},"schema":{"@context":"https:\/\/schema.org","@graph":[{"@type":"WebPage","@id":"https:\/\/loubasali.com\/produit\/aloha-sweetheart-tirage-dart-pin-up-retro-signe-edition-limitee\/","url":"https:\/\/loubasali.com\/produit\/aloha-sweetheart-tirage-dart-pin-up-retro-signe-edition-limitee\/","name":"Tirage sign\u00e9 - \u00e9dition limit\u00e9e -","isPartOf":{"@id":"https:\/\/loubasali.com\/#website"},"primaryImageOfPage":{"@id":"https:\/\/loubasali.com\/produit\/aloha-sweetheart-tirage-dart-pin-up-retro-signe-edition-limitee\/#primaryimage"},"image":{"@id":"https:\/\/loubasali.com\/produit\/aloha-sweetheart-tirage-dart-pin-up-retro-signe-edition-limitee\/#primaryimage"},"thumbnailUrl":"https:\/\/loubasali.com\/wp-content\/uploads\/2025\/06\/Aloha-Sweetheart-Artprint-Limited-Edition.jpg","datePublished":"2026-04-01T17:00:36+00:00","dateModified":"2026-04-19T17:02:20+00:00","breadcrumb":{"@id":"https:\/\/loubasali.com\/produit\/aloha-sweetheart-tirage-dart-pin-up-retro-signe-edition-limitee\/#breadcrumb"},"inLanguage":"en-US","potentialAction":[{"@type":"ReadAction","target":["https:\/\/loubasali.com\/produit\/aloha-sweetheart-tirage-dart-pin-up-retro-signe-edition-limitee\/"]}]},{"@type":"ImageObject","inLanguage":"en-US","@id":"https:\/\/loubasali.com\/produit\/aloha-sweetheart-tirage-dart-pin-up-retro-signe-edition-limitee\/#primaryimage","url":"https:\/\/loubasali.com\/wp-content\/uploads\/2025\/06\/Aloha-Sweetheart-Artprint-Limited-Edition.jpg","contentUrl":"https:\/\/loubasali.com\/wp-content\/uploads\/2025\/06\/Aloha-Sweetheart-Artprint-Limited-Edition.jpg","width":1000,"height":1000},{"@type":"BreadcrumbList","@id":"https:\/\/loubasali.com\/produit\/aloha-sweetheart-tirage-dart-pin-up-retro-signe-edition-limitee\/#breadcrumb","itemListElement":[{"@type":"ListItem","position":1,"name":"Accueil","item":"https:\/\/loubasali.com\/"},{"@type":"ListItem","position":2,"name":"Produits","item":"https:\/\/loubasali.com\/idees-cadeaux-pinup-vintage-essonne\/"},{"@type":"ListItem","position":3,"name":"Tirage sign\u00e9 &#8211; \u00e9dition limit\u00e9e"}]},{"@type":"WebSite","@id":"https:\/\/loubasali.com\/#website","url":"https:\/\/loubasali.com\/","name":"","description":"","potentialAction":[{"@type":"SearchAction","target":{"@type":"EntryPoint","urlTemplate":"https:\/\/loubasali.com\/?s={search_term_string}"},"query-input":{"@type":"PropertyValueSpecification","valueRequired":true,"valueName":"search_term_string"}}],"inLanguage":"en-US"}]}},"_links":{"self":[{"href":"https:\/\/loubasali.com\/en\/wp-json\/wp\/v2\/product\/7506","targetHints":{"allow":["GET"]}}],"collection":[{"href":"https:\/\/loubasali.com\/en\/wp-json\/wp\/v2\/product"}],"about":[{"href":"https:\/\/loubasali.com\/en\/wp-json\/wp\/v2\/types\/product"}],"version-history":[{"count":4,"href":"https:\/\/loubasali.com\/en\/wp-json\/wp\/v2\/product\/7506\/revisions"}],"predecessor-version":[{"id":8105,"href":"https:\/\/loubasali.com\/en\/wp-json\/wp\/v2\/product\/7506\/revisions\/8105"}],"wp:featuredmedia":[{"embeddable":true,"href":"https:\/\/loubasali.com\/en\/wp-json\/wp\/v2\/media\/7503"}],"wp:attachment":[{"href":"https:\/\/loubasali.com\/en\/wp-json\/wp\/v2\/media?parent=7506"}],"wp:term":[{"taxonomy":"product_brand","embeddable":true,"href":"https:\/\/loubasali.com\/en\/wp-json\/wp\/v2\/product_brand?post=7506"},{"taxonomy":"product_cat","embeddable":true,"href":"https:\/\/loubasali.com\/en\/wp-json\/wp\/v2\/product_cat?post=7506"},{"taxonomy":"product_tag","embeddable":true,"href":"https:\/\/loubasali.com\/en\/wp-json\/wp\/v2\/product_tag?post=7506"}],"curies":[{"name":"wp","href":"https:\/\/api.w.org\/{rel}","templated":true}]}}