{"id":7239,"date":"2025-03-31T17:01:02","date_gmt":"2025-03-31T16:01:02","guid":{"rendered":"https:\/\/loubasali.com\/?post_type=product&#038;p=7239"},"modified":"2025-05-14T09:51:42","modified_gmt":"2025-05-14T08:51:42","slug":"explorer","status":"publish","type":"product","link":"https:\/\/loubasali.com\/en\/product\/explorer\/","title":{"rendered":"Explorer"},"content":{"rendered":"<p class=\"\" data-start=\"431\" data-end=\"736\">Inspir\u00e9e par l\u2019appel de la jungle et l\u2019\u00e9nergie des h\u00e9ro\u00efnes intr\u00e9pides, cette illustration transforme un simple tote bag en manifeste d\u2019ind\u00e9pendance. Un clin d\u2019\u0153il \u00e0 toutes les exploratrices modernes, bott\u00e9es et pr\u00eates \u00e0 gravir leur propre sommet (m\u00eame si c\u2019est celui des courses du jeudi soir).<\/p>\n<p class=\"\" data-start=\"738\" data-end=\"884\">Imprim\u00e9 en quadrichromie sur une face, avec un rendu net et des couleurs chaudes qui font ressortir l\u2019attitude de cette aventuri\u00e8re au sang chaud.<\/p>\n<p class=\"\" data-start=\"886\" data-end=\"1028\">\u2013 100% coton \u00e9pais (180 g\/m\u00b2)<br data-start=\"915\" data-end=\"918\" \/>\u2013 Taille env. 38 x 42 cm<br data-start=\"942\" data-end=\"945\" \/>\u2013 Anses longues pour un port\u00e9 \u00e9paule confortable<br data-start=\"993\" data-end=\"996\" \/>\u2013 Impression quadri sur une face<\/p>","protected":false},"excerpt":{"rendered":"<p>Pour celles et ceux qui tracent leur route sans boussole\u2026 mais avec du style. \u00c0 glisser \u00e0 l\u2019\u00e9paule pour partir \u00e0 l\u2019aventure ou juste au march\u00e9 du coin (c\u2019est d\u00e9j\u00e0 une exp\u00e9dition).<\/p>","protected":false},"featured_media":7250,"template":"","meta":{"_eb_attr":"","_crdt_document":"","ocean_post_layout":"","ocean_both_sidebars_style":"","ocean_both_sidebars_content_width":0,"ocean_both_sidebars_sidebars_width":0,"ocean_sidebar":"","ocean_second_sidebar":"","ocean_disable_margins":"enable","ocean_add_body_class":"","ocean_shortcode_before_top_bar":"","ocean_shortcode_after_top_bar":"","ocean_shortcode_before_header":"","ocean_shortcode_after_header":"","ocean_has_shortcode":"","ocean_shortcode_after_title":"","ocean_shortcode_before_footer_widgets":"","ocean_shortcode_after_footer_widgets":"","ocean_shortcode_before_footer_bottom":"","ocean_shortcode_after_footer_bottom":"","ocean_display_top_bar":"default","ocean_display_header":"default","ocean_header_style":"","ocean_center_header_left_menu":"","ocean_custom_header_template":"","ocean_custom_logo":0,"ocean_custom_retina_logo":0,"ocean_custom_logo_max_width":0,"ocean_custom_logo_tablet_max_width":0,"ocean_custom_logo_mobile_max_width":0,"ocean_custom_logo_max_height":0,"ocean_custom_logo_tablet_max_height":0,"ocean_custom_logo_mobile_max_height":0,"ocean_header_custom_menu":"","ocean_menu_typo_font_family":"","ocean_menu_typo_font_subset":"","ocean_menu_typo_font_size":0,"ocean_menu_typo_font_size_tablet":0,"ocean_menu_typo_font_size_mobile":0,"ocean_menu_typo_font_size_unit":"px","ocean_menu_typo_font_weight":"","ocean_menu_typo_font_weight_tablet":"","ocean_menu_typo_font_weight_mobile":"","ocean_menu_typo_transform":"","ocean_menu_typo_transform_tablet":"","ocean_menu_typo_transform_mobile":"","ocean_menu_typo_line_height":0,"ocean_menu_typo_line_height_tablet":0,"ocean_menu_typo_line_height_mobile":0,"ocean_menu_typo_line_height_unit":"","ocean_menu_typo_spacing":0,"ocean_menu_typo_spacing_tablet":0,"ocean_menu_typo_spacing_mobile":0,"ocean_menu_typo_spacing_unit":"","ocean_menu_link_color":"","ocean_menu_link_color_hover":"","ocean_menu_link_color_active":"","ocean_menu_link_background":"","ocean_menu_link_hover_background":"","ocean_menu_link_active_background":"","ocean_menu_social_links_bg":"","ocean_menu_social_hover_links_bg":"","ocean_menu_social_links_color":"","ocean_menu_social_hover_links_color":"","ocean_disable_title":"default","ocean_disable_heading":"default","ocean_post_title":"","ocean_post_subheading":"","ocean_post_title_style":"","ocean_post_title_background_color":"","ocean_post_title_background":0,"ocean_post_title_bg_image_position":"","ocean_post_title_bg_image_attachment":"","ocean_post_title_bg_image_repeat":"","ocean_post_title_bg_image_size":"","ocean_post_title_height":0,"ocean_post_title_bg_overlay":0.5,"ocean_post_title_bg_overlay_color":"","ocean_disable_breadcrumbs":"default","ocean_breadcrumbs_color":"","ocean_breadcrumbs_separator_color":"","ocean_breadcrumbs_links_color":"","ocean_breadcrumbs_links_hover_color":"","ocean_display_footer_widgets":"default","ocean_display_footer_bottom":"default","ocean_custom_footer_template":""},"product_brand":[],"product_cat":[78],"product_tag":[],"class_list":{"0":"post-7239","1":"product","2":"type-product","3":"status-publish","4":"has-post-thumbnail","6":"product_cat-tote-bag","8":"entry","9":"has-media","11":"first","12":"instock","13":"shipping-taxable","14":"purchasable","15":"product-type-simple","16":"has-product-nav","17":"col","18":"span_1_of_4","19":"owp-content-center","20":"owp-thumbs-layout-horizontal","21":"owp-btn-normal","22":"owp-tabs-layout-horizontal"},"yoast_head":"<!-- This site is optimized with the Yoast SEO plugin v27.4 - https:\/\/yoast.com\/product\/yoast-seo-wordpress\/ -->\n<title>Explorer -<\/title>\n<meta name=\"description\" content=\"Tote bag coton illustr\u00e9 d\u2019une pin-up aventuri\u00e8re. L\u00e9ger, solide et plein de panache pour les baroudeuses du quotidien. Pinup art.\" \/>\n<meta name=\"robots\" content=\"index, follow, max-snippet:-1, max-image-preview:large, max-video-preview:-1\" \/>\n<link rel=\"canonical\" href=\"https:\/\/loubasali.com\/en\/product\/explorer\/\" \/>\n<meta property=\"og:locale\" content=\"en_US\" \/>\n<meta property=\"og:type\" content=\"article\" \/>\n<meta property=\"og:title\" content=\"Explorer\" \/>\n<meta property=\"og:description\" content=\"Tote bag coton illustr\u00e9 d\u2019une pin-up aventuri\u00e8re. L\u00e9ger, solide et plein de panache pour les baroudeuses du quotidien. Pinup art.\" \/>\n<meta property=\"og:url\" content=\"https:\/\/loubasali.com\/en\/product\/explorer\/\" \/>\n<meta property=\"article:modified_time\" content=\"2025-05-14T08:51:42+00:00\" \/>\n<meta property=\"og:image\" content=\"https:\/\/loubasali.com\/wp-content\/uploads\/2025\/03\/sac-Explorer-mockup.jpg\" \/>\n\t<meta property=\"og:image:width\" content=\"1000\" \/>\n\t<meta property=\"og:image:height\" content=\"1000\" \/>\n\t<meta property=\"og:image:type\" content=\"image\/jpeg\" \/>\n<meta name=\"twitter:card\" content=\"summary_large_image\" \/>\n<meta name=\"twitter:label1\" content=\"Est. reading time\" \/>\n\t<meta name=\"twitter:data1\" content=\"1 minute\" \/>\n<script type=\"application\/ld+json\" class=\"yoast-schema-graph\">{\"@context\":\"https:\\\/\\\/schema.org\",\"@graph\":[{\"@type\":\"WebPage\",\"@id\":\"https:\\\/\\\/loubasali.com\\\/produit\\\/explorer\\\/\",\"url\":\"https:\\\/\\\/loubasali.com\\\/produit\\\/explorer\\\/\",\"name\":\"Explorer -\",\"isPartOf\":{\"@id\":\"https:\\\/\\\/loubasali.com\\\/#website\"},\"primaryImageOfPage\":{\"@id\":\"https:\\\/\\\/loubasali.com\\\/produit\\\/explorer\\\/#primaryimage\"},\"image\":{\"@id\":\"https:\\\/\\\/loubasali.com\\\/produit\\\/explorer\\\/#primaryimage\"},\"thumbnailUrl\":\"https:\\\/\\\/loubasali.com\\\/wp-content\\\/uploads\\\/2025\\\/03\\\/sac-Explorer-mockup.jpg\",\"datePublished\":\"2025-03-31T16:01:02+00:00\",\"dateModified\":\"2025-05-14T08:51:42+00:00\",\"description\":\"Tote bag coton illustr\u00e9 d\u2019une pin-up aventuri\u00e8re. L\u00e9ger, solide et plein de panache pour les baroudeuses du quotidien. Pinup art.\",\"breadcrumb\":{\"@id\":\"https:\\\/\\\/loubasali.com\\\/produit\\\/explorer\\\/#breadcrumb\"},\"inLanguage\":\"en-US\",\"potentialAction\":[{\"@type\":\"ReadAction\",\"target\":[\"https:\\\/\\\/loubasali.com\\\/produit\\\/explorer\\\/\"]}]},{\"@type\":\"ImageObject\",\"inLanguage\":\"en-US\",\"@id\":\"https:\\\/\\\/loubasali.com\\\/produit\\\/explorer\\\/#primaryimage\",\"url\":\"https:\\\/\\\/loubasali.com\\\/wp-content\\\/uploads\\\/2025\\\/03\\\/sac-Explorer-mockup.jpg\",\"contentUrl\":\"https:\\\/\\\/loubasali.com\\\/wp-content\\\/uploads\\\/2025\\\/03\\\/sac-Explorer-mockup.jpg\",\"width\":1000,\"height\":1000},{\"@type\":\"BreadcrumbList\",\"@id\":\"https:\\\/\\\/loubasali.com\\\/produit\\\/explorer\\\/#breadcrumb\",\"itemListElement\":[{\"@type\":\"ListItem\",\"position\":1,\"name\":\"Accueil\",\"item\":\"https:\\\/\\\/loubasali.com\\\/\"},{\"@type\":\"ListItem\",\"position\":2,\"name\":\"Boutique\",\"item\":\"https:\\\/\\\/loubasali.com\\\/art-et-pin-up\\\/\"},{\"@type\":\"ListItem\",\"position\":3,\"name\":\"Explorer\"}]},{\"@type\":\"WebSite\",\"@id\":\"https:\\\/\\\/loubasali.com\\\/#website\",\"url\":\"https:\\\/\\\/loubasali.com\\\/\",\"name\":\"\",\"description\":\"\",\"potentialAction\":[{\"@type\":\"SearchAction\",\"target\":{\"@type\":\"EntryPoint\",\"urlTemplate\":\"https:\\\/\\\/loubasali.com\\\/?s={search_term_string}\"},\"query-input\":{\"@type\":\"PropertyValueSpecification\",\"valueRequired\":true,\"valueName\":\"search_term_string\"}}],\"inLanguage\":\"en-US\"}]}<\/script>\n<!-- \/ Yoast SEO plugin. -->","yoast_head_json":{"title":"Explorer -","description":"Tote bag coton illustr\u00e9 d\u2019une pin-up aventuri\u00e8re. L\u00e9ger, solide et plein de panache pour les baroudeuses du quotidien. Pinup art.","robots":{"index":"index","follow":"follow","max-snippet":"max-snippet:-1","max-image-preview":"max-image-preview:large","max-video-preview":"max-video-preview:-1"},"canonical":"https:\/\/loubasali.com\/en\/product\/explorer\/","og_locale":"en_US","og_type":"article","og_title":"Explorer","og_description":"Tote bag coton illustr\u00e9 d\u2019une pin-up aventuri\u00e8re. L\u00e9ger, solide et plein de panache pour les baroudeuses du quotidien. Pinup art.","og_url":"https:\/\/loubasali.com\/en\/product\/explorer\/","article_modified_time":"2025-05-14T08:51:42+00:00","og_image":[{"width":1000,"height":1000,"url":"https:\/\/loubasali.com\/wp-content\/uploads\/2025\/03\/sac-Explorer-mockup.jpg","type":"image\/jpeg"}],"twitter_card":"summary_large_image","twitter_misc":{"Est. reading time":"1 minute"},"schema":{"@context":"https:\/\/schema.org","@graph":[{"@type":"WebPage","@id":"https:\/\/loubasali.com\/produit\/explorer\/","url":"https:\/\/loubasali.com\/produit\/explorer\/","name":"Explorer -","isPartOf":{"@id":"https:\/\/loubasali.com\/#website"},"primaryImageOfPage":{"@id":"https:\/\/loubasali.com\/produit\/explorer\/#primaryimage"},"image":{"@id":"https:\/\/loubasali.com\/produit\/explorer\/#primaryimage"},"thumbnailUrl":"https:\/\/loubasali.com\/wp-content\/uploads\/2025\/03\/sac-Explorer-mockup.jpg","datePublished":"2025-03-31T16:01:02+00:00","dateModified":"2025-05-14T08:51:42+00:00","description":"Tote bag coton illustr\u00e9 d\u2019une pin-up aventuri\u00e8re. L\u00e9ger, solide et plein de panache pour les baroudeuses du quotidien. Pinup art.","breadcrumb":{"@id":"https:\/\/loubasali.com\/produit\/explorer\/#breadcrumb"},"inLanguage":"en-US","potentialAction":[{"@type":"ReadAction","target":["https:\/\/loubasali.com\/produit\/explorer\/"]}]},{"@type":"ImageObject","inLanguage":"en-US","@id":"https:\/\/loubasali.com\/produit\/explorer\/#primaryimage","url":"https:\/\/loubasali.com\/wp-content\/uploads\/2025\/03\/sac-Explorer-mockup.jpg","contentUrl":"https:\/\/loubasali.com\/wp-content\/uploads\/2025\/03\/sac-Explorer-mockup.jpg","width":1000,"height":1000},{"@type":"BreadcrumbList","@id":"https:\/\/loubasali.com\/produit\/explorer\/#breadcrumb","itemListElement":[{"@type":"ListItem","position":1,"name":"Accueil","item":"https:\/\/loubasali.com\/"},{"@type":"ListItem","position":2,"name":"Boutique","item":"https:\/\/loubasali.com\/art-et-pin-up\/"},{"@type":"ListItem","position":3,"name":"Explorer"}]},{"@type":"WebSite","@id":"https:\/\/loubasali.com\/#website","url":"https:\/\/loubasali.com\/","name":"","description":"","potentialAction":[{"@type":"SearchAction","target":{"@type":"EntryPoint","urlTemplate":"https:\/\/loubasali.com\/?s={search_term_string}"},"query-input":{"@type":"PropertyValueSpecification","valueRequired":true,"valueName":"search_term_string"}}],"inLanguage":"en-US"}]}},"_links":{"self":[{"href":"https:\/\/loubasali.com\/en\/wp-json\/wp\/v2\/product\/7239","targetHints":{"allow":["GET"]}}],"collection":[{"href":"https:\/\/loubasali.com\/en\/wp-json\/wp\/v2\/product"}],"about":[{"href":"https:\/\/loubasali.com\/en\/wp-json\/wp\/v2\/types\/product"}],"version-history":[{"count":0,"href":"https:\/\/loubasali.com\/en\/wp-json\/wp\/v2\/product\/7239\/revisions"}],"wp:featuredmedia":[{"embeddable":true,"href":"https:\/\/loubasali.com\/en\/wp-json\/wp\/v2\/media\/7250"}],"wp:attachment":[{"href":"https:\/\/loubasali.com\/en\/wp-json\/wp\/v2\/media?parent=7239"}],"wp:term":[{"taxonomy":"product_brand","embeddable":true,"href":"https:\/\/loubasali.com\/en\/wp-json\/wp\/v2\/product_brand?post=7239"},{"taxonomy":"product_cat","embeddable":true,"href":"https:\/\/loubasali.com\/en\/wp-json\/wp\/v2\/product_cat?post=7239"},{"taxonomy":"product_tag","embeddable":true,"href":"https:\/\/loubasali.com\/en\/wp-json\/wp\/v2\/product_tag?post=7239"}],"curies":[{"name":"wp","href":"https:\/\/api.w.org\/{rel}","templated":true}]}}