{"id":7237,"date":"2025-06-01T10:01:01","date_gmt":"2025-06-01T09:01:01","guid":{"rendered":"https:\/\/loubasali.com\/?post_type=product&#038;p=7237"},"modified":"2026-04-09T18:11:23","modified_gmt":"2026-04-09T17:11:23","slug":"fraise","status":"publish","type":"product","link":"https:\/\/loubasali.com\/en\/product\/fraise\/","title":{"rendered":"Fraise"},"content":{"rendered":"<p class=\"\" data-start=\"381\" data-end=\"656\">Fra\u00eeche, p\u00e9tillante et toujours en mouvement : cette pin-up version fraise donne le ton. Parfaite pour apporter une touche de fun \u00e0 son quotidien ou colorer ses vir\u00e9es au march\u00e9. Ce tote bag, c\u2019est un coup de boost visuel, une dose de vitamines artistiques \u00e0 emmener partout.<\/p>\n<p class=\"\" data-start=\"658\" data-end=\"922\">Imprim\u00e9 en quadrichromie sur une face, avec une encre r\u00e9sistante et des couleurs bien vives sur un coton \u00e9pais.<br data-start=\"769\" data-end=\"772\" \/>Solide, pratique et pas trop grand, il se glisse facilement dans la vie de tous les jours, comme un petit morceau d\u2019illustration \u00e0 afficher fi\u00e8rement.<\/p>\n<p class=\"\" data-start=\"924\" data-end=\"1066\">\u2013 100% coton \u00e9pais (180 g\/m\u00b2)<br data-start=\"953\" data-end=\"956\" \/>\u2013 Taille env. 38 x 42 cm<br data-start=\"980\" data-end=\"983\" \/>\u2013 Anses longues pour un port\u00e9 \u00e9paule confortable<br data-start=\"1031\" data-end=\"1034\" \/>\u2013 Impression quadri sur une face<\/p>","protected":false},"excerpt":{"rendered":"<p>Un sac qui sent bon l\u2019\u00e9t\u00e9, les balades, et les id\u00e9es sucr\u00e9es. Et puis franchement, qui pourrait r\u00e9sister \u00e0 cette bouille pleine de peps ?<\/p>","protected":false},"featured_media":7249,"template":"","meta":{"_eb_attr":"","_crdt_document":"","ocean_post_layout":"","ocean_both_sidebars_style":"","ocean_both_sidebars_content_width":0,"ocean_both_sidebars_sidebars_width":0,"ocean_sidebar":"","ocean_second_sidebar":"","ocean_disable_margins":"enable","ocean_add_body_class":"","ocean_shortcode_before_top_bar":"","ocean_shortcode_after_top_bar":"","ocean_shortcode_before_header":"","ocean_shortcode_after_header":"","ocean_has_shortcode":"","ocean_shortcode_after_title":"","ocean_shortcode_before_footer_widgets":"","ocean_shortcode_after_footer_widgets":"","ocean_shortcode_before_footer_bottom":"","ocean_shortcode_after_footer_bottom":"","ocean_display_top_bar":"default","ocean_display_header":"default","ocean_header_style":"","ocean_center_header_left_menu":"","ocean_custom_header_template":"","ocean_custom_logo":0,"ocean_custom_retina_logo":0,"ocean_custom_logo_max_width":0,"ocean_custom_logo_tablet_max_width":0,"ocean_custom_logo_mobile_max_width":0,"ocean_custom_logo_max_height":0,"ocean_custom_logo_tablet_max_height":0,"ocean_custom_logo_mobile_max_height":0,"ocean_header_custom_menu":"","ocean_menu_typo_font_family":"","ocean_menu_typo_font_subset":"","ocean_menu_typo_font_size":0,"ocean_menu_typo_font_size_tablet":0,"ocean_menu_typo_font_size_mobile":0,"ocean_menu_typo_font_size_unit":"px","ocean_menu_typo_font_weight":"","ocean_menu_typo_font_weight_tablet":"","ocean_menu_typo_font_weight_mobile":"","ocean_menu_typo_transform":"","ocean_menu_typo_transform_tablet":"","ocean_menu_typo_transform_mobile":"","ocean_menu_typo_line_height":0,"ocean_menu_typo_line_height_tablet":0,"ocean_menu_typo_line_height_mobile":0,"ocean_menu_typo_line_height_unit":"","ocean_menu_typo_spacing":0,"ocean_menu_typo_spacing_tablet":0,"ocean_menu_typo_spacing_mobile":0,"ocean_menu_typo_spacing_unit":"","ocean_menu_link_color":"","ocean_menu_link_color_hover":"","ocean_menu_link_color_active":"","ocean_menu_link_background":"","ocean_menu_link_hover_background":"","ocean_menu_link_active_background":"","ocean_menu_social_links_bg":"","ocean_menu_social_hover_links_bg":"","ocean_menu_social_links_color":"","ocean_menu_social_hover_links_color":"","ocean_disable_title":"default","ocean_disable_heading":"default","ocean_post_title":"","ocean_post_subheading":"","ocean_post_title_style":"","ocean_post_title_background_color":"","ocean_post_title_background":0,"ocean_post_title_bg_image_position":"","ocean_post_title_bg_image_attachment":"","ocean_post_title_bg_image_repeat":"","ocean_post_title_bg_image_size":"","ocean_post_title_height":0,"ocean_post_title_bg_overlay":0.5,"ocean_post_title_bg_overlay_color":"","ocean_disable_breadcrumbs":"default","ocean_breadcrumbs_color":"","ocean_breadcrumbs_separator_color":"","ocean_breadcrumbs_links_color":"","ocean_breadcrumbs_links_hover_color":"","ocean_display_footer_widgets":"default","ocean_display_footer_bottom":"default","ocean_custom_footer_template":""},"product_brand":[],"product_cat":[78],"product_tag":[],"class_list":{"0":"post-7237","1":"product","2":"type-product","3":"status-publish","4":"has-post-thumbnail","6":"product_cat-tote-bag","8":"entry","9":"has-media","11":"first","12":"instock","13":"shipping-taxable","14":"purchasable","15":"product-type-simple","16":"has-product-nav","17":"col","18":"span_1_of_4","19":"owp-content-center","20":"owp-thumbs-layout-horizontal","21":"owp-btn-normal","22":"owp-tabs-layout-horizontal"},"yoast_head":"<!-- This site is optimized with the Yoast SEO plugin v27.4 - https:\/\/yoast.com\/product\/yoast-seo-wordpress\/ -->\n<title>Fraise -<\/title>\n<meta name=\"description\" content=\"e bag illustr\u00e9 100 % coton, solide et styl\u00e9, pour embarquer un peu de fra\u00eecheur dans le quotidien. Artiste. Illustration. Pinupart.\" \/>\n<meta name=\"robots\" content=\"index, follow, max-snippet:-1, max-image-preview:large, max-video-preview:-1\" \/>\n<link rel=\"canonical\" href=\"https:\/\/loubasali.com\/en\/product\/fraise\/\" \/>\n<meta property=\"og:locale\" content=\"en_US\" \/>\n<meta property=\"og:type\" content=\"article\" \/>\n<meta property=\"og:title\" content=\"Tote Bag Fraise\" \/>\n<meta property=\"og:description\" content=\"e bag illustr\u00e9 100 % coton, solide et styl\u00e9, pour embarquer un peu de fra\u00eecheur dans le quotidien. Artiste. Illustration. Pinupart.\" \/>\n<meta property=\"og:url\" content=\"https:\/\/loubasali.com\/en\/product\/fraise\/\" \/>\n<meta property=\"article:modified_time\" content=\"2026-04-09T17:11:23+00:00\" \/>\n<meta property=\"og:image\" content=\"https:\/\/loubasali.com\/wp-content\/uploads\/2025\/03\/sac-Fraise-mockup2.jpg\" \/>\n\t<meta property=\"og:image:width\" content=\"1000\" \/>\n\t<meta property=\"og:image:height\" content=\"1000\" \/>\n\t<meta property=\"og:image:type\" content=\"image\/jpeg\" \/>\n<meta name=\"twitter:card\" content=\"summary_large_image\" \/>\n<meta name=\"twitter:label1\" content=\"Est. reading time\" \/>\n\t<meta name=\"twitter:data1\" content=\"1 minute\" \/>\n<script type=\"application\/ld+json\" class=\"yoast-schema-graph\">{\"@context\":\"https:\\\/\\\/schema.org\",\"@graph\":[{\"@type\":\"WebPage\",\"@id\":\"https:\\\/\\\/loubasali.com\\\/produit\\\/fraise\\\/\",\"url\":\"https:\\\/\\\/loubasali.com\\\/produit\\\/fraise\\\/\",\"name\":\"Fraise -\",\"isPartOf\":{\"@id\":\"https:\\\/\\\/loubasali.com\\\/#website\"},\"primaryImageOfPage\":{\"@id\":\"https:\\\/\\\/loubasali.com\\\/produit\\\/fraise\\\/#primaryimage\"},\"image\":{\"@id\":\"https:\\\/\\\/loubasali.com\\\/produit\\\/fraise\\\/#primaryimage\"},\"thumbnailUrl\":\"https:\\\/\\\/loubasali.com\\\/wp-content\\\/uploads\\\/2025\\\/03\\\/sac-Fraise-mockup2.jpg\",\"datePublished\":\"2025-06-01T09:01:01+00:00\",\"dateModified\":\"2026-04-09T17:11:23+00:00\",\"description\":\"e bag illustr\u00e9 100 % coton, solide et styl\u00e9, pour embarquer un peu de fra\u00eecheur dans le quotidien. Artiste. Illustration. Pinupart.\",\"breadcrumb\":{\"@id\":\"https:\\\/\\\/loubasali.com\\\/produit\\\/fraise\\\/#breadcrumb\"},\"inLanguage\":\"en-US\",\"potentialAction\":[{\"@type\":\"ReadAction\",\"target\":[\"https:\\\/\\\/loubasali.com\\\/produit\\\/fraise\\\/\"]}]},{\"@type\":\"ImageObject\",\"inLanguage\":\"en-US\",\"@id\":\"https:\\\/\\\/loubasali.com\\\/produit\\\/fraise\\\/#primaryimage\",\"url\":\"https:\\\/\\\/loubasali.com\\\/wp-content\\\/uploads\\\/2025\\\/03\\\/sac-Fraise-mockup2.jpg\",\"contentUrl\":\"https:\\\/\\\/loubasali.com\\\/wp-content\\\/uploads\\\/2025\\\/03\\\/sac-Fraise-mockup2.jpg\",\"width\":1000,\"height\":1000},{\"@type\":\"BreadcrumbList\",\"@id\":\"https:\\\/\\\/loubasali.com\\\/produit\\\/fraise\\\/#breadcrumb\",\"itemListElement\":[{\"@type\":\"ListItem\",\"position\":1,\"name\":\"Accueil\",\"item\":\"https:\\\/\\\/loubasali.com\\\/\"},{\"@type\":\"ListItem\",\"position\":2,\"name\":\"Boutique\",\"item\":\"https:\\\/\\\/loubasali.com\\\/art-et-pin-up\\\/\"},{\"@type\":\"ListItem\",\"position\":3,\"name\":\"Fraise\"}]},{\"@type\":\"WebSite\",\"@id\":\"https:\\\/\\\/loubasali.com\\\/#website\",\"url\":\"https:\\\/\\\/loubasali.com\\\/\",\"name\":\"\",\"description\":\"\",\"potentialAction\":[{\"@type\":\"SearchAction\",\"target\":{\"@type\":\"EntryPoint\",\"urlTemplate\":\"https:\\\/\\\/loubasali.com\\\/?s={search_term_string}\"},\"query-input\":{\"@type\":\"PropertyValueSpecification\",\"valueRequired\":true,\"valueName\":\"search_term_string\"}}],\"inLanguage\":\"en-US\"}]}<\/script>\n<!-- \/ Yoast SEO plugin. -->","yoast_head_json":{"title":"Fraise -","description":"e bag illustr\u00e9 100 % coton, solide et styl\u00e9, pour embarquer un peu de fra\u00eecheur dans le quotidien. Artiste. Illustration. Pinupart.","robots":{"index":"index","follow":"follow","max-snippet":"max-snippet:-1","max-image-preview":"max-image-preview:large","max-video-preview":"max-video-preview:-1"},"canonical":"https:\/\/loubasali.com\/en\/product\/fraise\/","og_locale":"en_US","og_type":"article","og_title":"Tote Bag Fraise","og_description":"e bag illustr\u00e9 100 % coton, solide et styl\u00e9, pour embarquer un peu de fra\u00eecheur dans le quotidien. Artiste. Illustration. Pinupart.","og_url":"https:\/\/loubasali.com\/en\/product\/fraise\/","article_modified_time":"2026-04-09T17:11:23+00:00","og_image":[{"width":1000,"height":1000,"url":"https:\/\/loubasali.com\/wp-content\/uploads\/2025\/03\/sac-Fraise-mockup2.jpg","type":"image\/jpeg"}],"twitter_card":"summary_large_image","twitter_misc":{"Est. reading time":"1 minute"},"schema":{"@context":"https:\/\/schema.org","@graph":[{"@type":"WebPage","@id":"https:\/\/loubasali.com\/produit\/fraise\/","url":"https:\/\/loubasali.com\/produit\/fraise\/","name":"Fraise -","isPartOf":{"@id":"https:\/\/loubasali.com\/#website"},"primaryImageOfPage":{"@id":"https:\/\/loubasali.com\/produit\/fraise\/#primaryimage"},"image":{"@id":"https:\/\/loubasali.com\/produit\/fraise\/#primaryimage"},"thumbnailUrl":"https:\/\/loubasali.com\/wp-content\/uploads\/2025\/03\/sac-Fraise-mockup2.jpg","datePublished":"2025-06-01T09:01:01+00:00","dateModified":"2026-04-09T17:11:23+00:00","description":"e bag illustr\u00e9 100 % coton, solide et styl\u00e9, pour embarquer un peu de fra\u00eecheur dans le quotidien. Artiste. Illustration. Pinupart.","breadcrumb":{"@id":"https:\/\/loubasali.com\/produit\/fraise\/#breadcrumb"},"inLanguage":"en-US","potentialAction":[{"@type":"ReadAction","target":["https:\/\/loubasali.com\/produit\/fraise\/"]}]},{"@type":"ImageObject","inLanguage":"en-US","@id":"https:\/\/loubasali.com\/produit\/fraise\/#primaryimage","url":"https:\/\/loubasali.com\/wp-content\/uploads\/2025\/03\/sac-Fraise-mockup2.jpg","contentUrl":"https:\/\/loubasali.com\/wp-content\/uploads\/2025\/03\/sac-Fraise-mockup2.jpg","width":1000,"height":1000},{"@type":"BreadcrumbList","@id":"https:\/\/loubasali.com\/produit\/fraise\/#breadcrumb","itemListElement":[{"@type":"ListItem","position":1,"name":"Accueil","item":"https:\/\/loubasali.com\/"},{"@type":"ListItem","position":2,"name":"Boutique","item":"https:\/\/loubasali.com\/art-et-pin-up\/"},{"@type":"ListItem","position":3,"name":"Fraise"}]},{"@type":"WebSite","@id":"https:\/\/loubasali.com\/#website","url":"https:\/\/loubasali.com\/","name":"","description":"","potentialAction":[{"@type":"SearchAction","target":{"@type":"EntryPoint","urlTemplate":"https:\/\/loubasali.com\/?s={search_term_string}"},"query-input":{"@type":"PropertyValueSpecification","valueRequired":true,"valueName":"search_term_string"}}],"inLanguage":"en-US"}]}},"_links":{"self":[{"href":"https:\/\/loubasali.com\/en\/wp-json\/wp\/v2\/product\/7237","targetHints":{"allow":["GET"]}}],"collection":[{"href":"https:\/\/loubasali.com\/en\/wp-json\/wp\/v2\/product"}],"about":[{"href":"https:\/\/loubasali.com\/en\/wp-json\/wp\/v2\/types\/product"}],"version-history":[{"count":1,"href":"https:\/\/loubasali.com\/en\/wp-json\/wp\/v2\/product\/7237\/revisions"}],"predecessor-version":[{"id":7797,"href":"https:\/\/loubasali.com\/en\/wp-json\/wp\/v2\/product\/7237\/revisions\/7797"}],"wp:featuredmedia":[{"embeddable":true,"href":"https:\/\/loubasali.com\/en\/wp-json\/wp\/v2\/media\/7249"}],"wp:attachment":[{"href":"https:\/\/loubasali.com\/en\/wp-json\/wp\/v2\/media?parent=7237"}],"wp:term":[{"taxonomy":"product_brand","embeddable":true,"href":"https:\/\/loubasali.com\/en\/wp-json\/wp\/v2\/product_brand?post=7237"},{"taxonomy":"product_cat","embeddable":true,"href":"https:\/\/loubasali.com\/en\/wp-json\/wp\/v2\/product_cat?post=7237"},{"taxonomy":"product_tag","embeddable":true,"href":"https:\/\/loubasali.com\/en\/wp-json\/wp\/v2\/product_tag?post=7237"}],"curies":[{"name":"wp","href":"https:\/\/api.w.org\/{rel}","templated":true}]}}