{"id":7231,"date":"2025-03-15T17:01:04","date_gmt":"2025-03-15T16:01:04","guid":{"rendered":"https:\/\/loubasali.com\/?post_type=product&#038;p=7231"},"modified":"2026-04-19T19:09:44","modified_gmt":"2026-04-19T18:09:44","slug":"lollipop","status":"publish","type":"product","link":"https:\/\/loubasali.com\/en\/product\/lollipop\/","title":{"rendered":"Stickers Lollipop"},"content":{"rendered":"<p class=\"\" data-start=\"413\" data-end=\"743\">Un clin d\u2019\u0153il vintage, une sucette dans une main, et ce petit air malicieux dans l\u2019autre\u2026 \u00ab\u00a0Lollipop\u00a0\u00bb, c\u2019est l\u2019essence m\u00eame du charme r\u00e9tro pop, concentr\u00e9e dans un autocollant \u00e0 coller partout o\u00f9 l\u2019on veut un peu plus de piquant et de douceur. Glamour sans en faire trop, r\u00e9tro sans poussi\u00e8re, et rouge passion juste comme il faut.<\/p>\n<p class=\"\" data-start=\"745\" data-end=\"847\">\u2013 Impression couleur sur vinyle brillant<br data-start=\"785\" data-end=\"788\" \/>\u2013 R\u00e9sistant \u00e0 l\u2019eau &amp; \u00e0 l\u2019usure l\u00e9g\u00e8re<br data-start=\"826\" data-end=\"829\" \/>\u2013 Taille env. 7 cm<\/p>","protected":false},"excerpt":{"rendered":"<p>Elle voit la vie en rouge, version r\u00e9tro. Avec ses lunettes c\u0153ur et son regard qui en dit long, Lollipop apporte une touche sucr\u00e9e, culott\u00e9e et terriblement pin-up \u00e0 n\u2019importe quel support.<\/p>","protected":false},"featured_media":7136,"template":"","meta":{"_eb_attr":"","_crdt_document":"","ocean_post_layout":"","ocean_both_sidebars_style":"","ocean_both_sidebars_content_width":0,"ocean_both_sidebars_sidebars_width":0,"ocean_sidebar":"","ocean_second_sidebar":"","ocean_disable_margins":"enable","ocean_add_body_class":"","ocean_shortcode_before_top_bar":"","ocean_shortcode_after_top_bar":"","ocean_shortcode_before_header":"","ocean_shortcode_after_header":"","ocean_has_shortcode":"","ocean_shortcode_after_title":"","ocean_shortcode_before_footer_widgets":"","ocean_shortcode_after_footer_widgets":"","ocean_shortcode_before_footer_bottom":"","ocean_shortcode_after_footer_bottom":"","ocean_display_top_bar":"default","ocean_display_header":"default","ocean_header_style":"","ocean_center_header_left_menu":"","ocean_custom_header_template":"","ocean_custom_logo":0,"ocean_custom_retina_logo":0,"ocean_custom_logo_max_width":0,"ocean_custom_logo_tablet_max_width":0,"ocean_custom_logo_mobile_max_width":0,"ocean_custom_logo_max_height":0,"ocean_custom_logo_tablet_max_height":0,"ocean_custom_logo_mobile_max_height":0,"ocean_header_custom_menu":"","ocean_menu_typo_font_family":"","ocean_menu_typo_font_subset":"","ocean_menu_typo_font_size":0,"ocean_menu_typo_font_size_tablet":0,"ocean_menu_typo_font_size_mobile":0,"ocean_menu_typo_font_size_unit":"px","ocean_menu_typo_font_weight":"","ocean_menu_typo_font_weight_tablet":"","ocean_menu_typo_font_weight_mobile":"","ocean_menu_typo_transform":"","ocean_menu_typo_transform_tablet":"","ocean_menu_typo_transform_mobile":"","ocean_menu_typo_line_height":0,"ocean_menu_typo_line_height_tablet":0,"ocean_menu_typo_line_height_mobile":0,"ocean_menu_typo_line_height_unit":"","ocean_menu_typo_spacing":0,"ocean_menu_typo_spacing_tablet":0,"ocean_menu_typo_spacing_mobile":0,"ocean_menu_typo_spacing_unit":"","ocean_menu_link_color":"","ocean_menu_link_color_hover":"","ocean_menu_link_color_active":"","ocean_menu_link_background":"","ocean_menu_link_hover_background":"","ocean_menu_link_active_background":"","ocean_menu_social_links_bg":"","ocean_menu_social_hover_links_bg":"","ocean_menu_social_links_color":"","ocean_menu_social_hover_links_color":"","ocean_disable_title":"default","ocean_disable_heading":"default","ocean_post_title":"","ocean_post_subheading":"","ocean_post_title_style":"","ocean_post_title_background_color":"","ocean_post_title_background":0,"ocean_post_title_bg_image_position":"","ocean_post_title_bg_image_attachment":"","ocean_post_title_bg_image_repeat":"","ocean_post_title_bg_image_size":"","ocean_post_title_height":0,"ocean_post_title_bg_overlay":0.5,"ocean_post_title_bg_overlay_color":"","ocean_disable_breadcrumbs":"default","ocean_breadcrumbs_color":"","ocean_breadcrumbs_separator_color":"","ocean_breadcrumbs_links_color":"","ocean_breadcrumbs_links_hover_color":"","ocean_display_footer_widgets":"default","ocean_display_footer_bottom":"default","ocean_custom_footer_template":""},"product_brand":[],"product_cat":[121,37,123],"product_tag":[],"class_list":{"0":"post-7231","1":"product","2":"type-product","3":"status-publish","4":"has-post-thumbnail","6":"product_cat-goodies","7":"product_cat-stickers","8":"product_cat-stickers-cartes","10":"entry","11":"has-media","13":"first","14":"instock","15":"shipping-taxable","16":"purchasable","17":"product-type-simple","18":"has-product-nav","19":"col","20":"span_1_of_4","21":"owp-content-center","22":"owp-thumbs-layout-horizontal","23":"owp-btn-normal","24":"owp-tabs-layout-horizontal"},"yoast_head":"<!-- This site is optimized with the Yoast SEO plugin v27.4 - https:\/\/yoast.com\/product\/yoast-seo-wordpress\/ -->\n<title>Stickers Lollipop -<\/title>\n<meta name=\"description\" content=\"Autocollant vinyle r\u00e9tro et sucr\u00e9 \u00e0 coller partout. R\u00e9sistant, brillant, avec une pin-up aussi malicieuse que pop. Pinup art.\" \/>\n<meta name=\"robots\" content=\"index, follow, max-snippet:-1, max-image-preview:large, max-video-preview:-1\" \/>\n<link rel=\"canonical\" href=\"https:\/\/loubasali.com\/en\/product\/lollipop\/\" \/>\n<meta property=\"og:locale\" content=\"en_US\" \/>\n<meta property=\"og:type\" content=\"article\" \/>\n<meta property=\"og:title\" content=\"Sticker Lollipop\" \/>\n<meta property=\"og:description\" content=\"Autocollant vinyle r\u00e9tro et sucr\u00e9 \u00e0 coller partout. R\u00e9sistant, brillant, avec une pin-up aussi malicieuse que pop. Pinup art.\" \/>\n<meta property=\"og:url\" content=\"https:\/\/loubasali.com\/en\/product\/lollipop\/\" \/>\n<meta property=\"article:modified_time\" content=\"2026-04-19T18:09:44+00:00\" \/>\n<meta property=\"og:image\" content=\"https:\/\/loubasali.com\/wp-content\/uploads\/2025\/03\/Sticker-Lolipop.jpg\" \/>\n\t<meta property=\"og:image:width\" content=\"1000\" \/>\n\t<meta property=\"og:image:height\" content=\"1000\" \/>\n\t<meta property=\"og:image:type\" content=\"image\/jpeg\" \/>\n<meta name=\"twitter:card\" content=\"summary_large_image\" \/>\n<meta name=\"twitter:label1\" content=\"Est. reading time\" \/>\n\t<meta name=\"twitter:data1\" content=\"1 minute\" \/>\n<script type=\"application\/ld+json\" class=\"yoast-schema-graph\">{\"@context\":\"https:\\\/\\\/schema.org\",\"@graph\":[{\"@type\":\"WebPage\",\"@id\":\"https:\\\/\\\/loubasali.com\\\/produit\\\/lollipop\\\/\",\"url\":\"https:\\\/\\\/loubasali.com\\\/produit\\\/lollipop\\\/\",\"name\":\"Stickers Lollipop -\",\"isPartOf\":{\"@id\":\"https:\\\/\\\/loubasali.com\\\/#website\"},\"primaryImageOfPage\":{\"@id\":\"https:\\\/\\\/loubasali.com\\\/produit\\\/lollipop\\\/#primaryimage\"},\"image\":{\"@id\":\"https:\\\/\\\/loubasali.com\\\/produit\\\/lollipop\\\/#primaryimage\"},\"thumbnailUrl\":\"https:\\\/\\\/loubasali.com\\\/wp-content\\\/uploads\\\/2025\\\/03\\\/Sticker-Lolipop.jpg\",\"datePublished\":\"2025-03-15T16:01:04+00:00\",\"dateModified\":\"2026-04-19T18:09:44+00:00\",\"description\":\"Autocollant vinyle r\u00e9tro et sucr\u00e9 \u00e0 coller partout. R\u00e9sistant, brillant, avec une pin-up aussi malicieuse que pop. Pinup art.\",\"breadcrumb\":{\"@id\":\"https:\\\/\\\/loubasali.com\\\/produit\\\/lollipop\\\/#breadcrumb\"},\"inLanguage\":\"en-US\",\"potentialAction\":[{\"@type\":\"ReadAction\",\"target\":[\"https:\\\/\\\/loubasali.com\\\/produit\\\/lollipop\\\/\"]}]},{\"@type\":\"ImageObject\",\"inLanguage\":\"en-US\",\"@id\":\"https:\\\/\\\/loubasali.com\\\/produit\\\/lollipop\\\/#primaryimage\",\"url\":\"https:\\\/\\\/loubasali.com\\\/wp-content\\\/uploads\\\/2025\\\/03\\\/Sticker-Lolipop.jpg\",\"contentUrl\":\"https:\\\/\\\/loubasali.com\\\/wp-content\\\/uploads\\\/2025\\\/03\\\/Sticker-Lolipop.jpg\",\"width\":1000,\"height\":1000},{\"@type\":\"BreadcrumbList\",\"@id\":\"https:\\\/\\\/loubasali.com\\\/produit\\\/lollipop\\\/#breadcrumb\",\"itemListElement\":[{\"@type\":\"ListItem\",\"position\":1,\"name\":\"Accueil\",\"item\":\"https:\\\/\\\/loubasali.com\\\/\"},{\"@type\":\"ListItem\",\"position\":2,\"name\":\"Produits\",\"item\":\"https:\\\/\\\/loubasali.com\\\/idees-cadeaux-pinup-vintage-essonne\\\/\"},{\"@type\":\"ListItem\",\"position\":3,\"name\":\"Stickers Lollipop\"}]},{\"@type\":\"WebSite\",\"@id\":\"https:\\\/\\\/loubasali.com\\\/#website\",\"url\":\"https:\\\/\\\/loubasali.com\\\/\",\"name\":\"\",\"description\":\"\",\"potentialAction\":[{\"@type\":\"SearchAction\",\"target\":{\"@type\":\"EntryPoint\",\"urlTemplate\":\"https:\\\/\\\/loubasali.com\\\/?s={search_term_string}\"},\"query-input\":{\"@type\":\"PropertyValueSpecification\",\"valueRequired\":true,\"valueName\":\"search_term_string\"}}],\"inLanguage\":\"en-US\"}]}<\/script>\n<!-- \/ Yoast SEO plugin. -->","yoast_head_json":{"title":"Stickers Lollipop -","description":"Autocollant vinyle r\u00e9tro et sucr\u00e9 \u00e0 coller partout. R\u00e9sistant, brillant, avec une pin-up aussi malicieuse que pop. Pinup art.","robots":{"index":"index","follow":"follow","max-snippet":"max-snippet:-1","max-image-preview":"max-image-preview:large","max-video-preview":"max-video-preview:-1"},"canonical":"https:\/\/loubasali.com\/en\/product\/lollipop\/","og_locale":"en_US","og_type":"article","og_title":"Sticker Lollipop","og_description":"Autocollant vinyle r\u00e9tro et sucr\u00e9 \u00e0 coller partout. R\u00e9sistant, brillant, avec une pin-up aussi malicieuse que pop. Pinup art.","og_url":"https:\/\/loubasali.com\/en\/product\/lollipop\/","article_modified_time":"2026-04-19T18:09:44+00:00","og_image":[{"width":1000,"height":1000,"url":"https:\/\/loubasali.com\/wp-content\/uploads\/2025\/03\/Sticker-Lolipop.jpg","type":"image\/jpeg"}],"twitter_card":"summary_large_image","twitter_misc":{"Est. reading time":"1 minute"},"schema":{"@context":"https:\/\/schema.org","@graph":[{"@type":"WebPage","@id":"https:\/\/loubasali.com\/produit\/lollipop\/","url":"https:\/\/loubasali.com\/produit\/lollipop\/","name":"Stickers Lollipop -","isPartOf":{"@id":"https:\/\/loubasali.com\/#website"},"primaryImageOfPage":{"@id":"https:\/\/loubasali.com\/produit\/lollipop\/#primaryimage"},"image":{"@id":"https:\/\/loubasali.com\/produit\/lollipop\/#primaryimage"},"thumbnailUrl":"https:\/\/loubasali.com\/wp-content\/uploads\/2025\/03\/Sticker-Lolipop.jpg","datePublished":"2025-03-15T16:01:04+00:00","dateModified":"2026-04-19T18:09:44+00:00","description":"Autocollant vinyle r\u00e9tro et sucr\u00e9 \u00e0 coller partout. R\u00e9sistant, brillant, avec une pin-up aussi malicieuse que pop. Pinup art.","breadcrumb":{"@id":"https:\/\/loubasali.com\/produit\/lollipop\/#breadcrumb"},"inLanguage":"en-US","potentialAction":[{"@type":"ReadAction","target":["https:\/\/loubasali.com\/produit\/lollipop\/"]}]},{"@type":"ImageObject","inLanguage":"en-US","@id":"https:\/\/loubasali.com\/produit\/lollipop\/#primaryimage","url":"https:\/\/loubasali.com\/wp-content\/uploads\/2025\/03\/Sticker-Lolipop.jpg","contentUrl":"https:\/\/loubasali.com\/wp-content\/uploads\/2025\/03\/Sticker-Lolipop.jpg","width":1000,"height":1000},{"@type":"BreadcrumbList","@id":"https:\/\/loubasali.com\/produit\/lollipop\/#breadcrumb","itemListElement":[{"@type":"ListItem","position":1,"name":"Accueil","item":"https:\/\/loubasali.com\/"},{"@type":"ListItem","position":2,"name":"Produits","item":"https:\/\/loubasali.com\/idees-cadeaux-pinup-vintage-essonne\/"},{"@type":"ListItem","position":3,"name":"Stickers Lollipop"}]},{"@type":"WebSite","@id":"https:\/\/loubasali.com\/#website","url":"https:\/\/loubasali.com\/","name":"","description":"","potentialAction":[{"@type":"SearchAction","target":{"@type":"EntryPoint","urlTemplate":"https:\/\/loubasali.com\/?s={search_term_string}"},"query-input":{"@type":"PropertyValueSpecification","valueRequired":true,"valueName":"search_term_string"}}],"inLanguage":"en-US"}]}},"_links":{"self":[{"href":"https:\/\/loubasali.com\/en\/wp-json\/wp\/v2\/product\/7231","targetHints":{"allow":["GET"]}}],"collection":[{"href":"https:\/\/loubasali.com\/en\/wp-json\/wp\/v2\/product"}],"about":[{"href":"https:\/\/loubasali.com\/en\/wp-json\/wp\/v2\/types\/product"}],"version-history":[{"count":2,"href":"https:\/\/loubasali.com\/en\/wp-json\/wp\/v2\/product\/7231\/revisions"}],"predecessor-version":[{"id":8088,"href":"https:\/\/loubasali.com\/en\/wp-json\/wp\/v2\/product\/7231\/revisions\/8088"}],"wp:featuredmedia":[{"embeddable":true,"href":"https:\/\/loubasali.com\/en\/wp-json\/wp\/v2\/media\/7136"}],"wp:attachment":[{"href":"https:\/\/loubasali.com\/en\/wp-json\/wp\/v2\/media?parent=7231"}],"wp:term":[{"taxonomy":"product_brand","embeddable":true,"href":"https:\/\/loubasali.com\/en\/wp-json\/wp\/v2\/product_brand?post=7231"},{"taxonomy":"product_cat","embeddable":true,"href":"https:\/\/loubasali.com\/en\/wp-json\/wp\/v2\/product_cat?post=7231"},{"taxonomy":"product_tag","embeddable":true,"href":"https:\/\/loubasali.com\/en\/wp-json\/wp\/v2\/product_tag?post=7231"}],"curies":[{"name":"wp","href":"https:\/\/api.w.org\/{rel}","templated":true}]}}