{"id":7229,"date":"2025-04-01T11:01:05","date_gmt":"2025-04-01T10:01:05","guid":{"rendered":"https:\/\/loubasali.com\/?post_type=product&#038;p=7229"},"modified":"2026-04-19T19:09:45","modified_gmt":"2026-04-19T18:09:45","slug":"love-witch-2","status":"publish","type":"product","link":"https:\/\/loubasali.com\/en\/product\/love-witch-2\/","title":{"rendered":"Stickers Love Witch"},"content":{"rendered":"<p class=\"\" data-start=\"343\" data-end=\"572\">Cupidon n\u2019a qu\u2019\u00e0 bien se tenir : elle tire ses fl\u00e8ches avec un chapeau de sorci\u00e8re viss\u00e9 sur la t\u00eate et un regard qui ne laisse aucune chance. Ce sticker vinyle est l\u2019incarnation parfaite d\u2019un Halloween sexy, sucr\u00e9 et 100 % love.<\/p>\n<p class=\"\" data-start=\"574\" data-end=\"807\">Imprim\u00e9 en couleurs vives, avec une finition brillante et une d\u00e9coupe \u00e0 la forme, il r\u00e9siste aux petits sortil\u00e8ges du quotidien. \u00c0 coller sans mod\u00e9ration pour ajouter une dose d\u2019humour piquant et de glamour malicieux l\u00e0 o\u00f9 \u00e7a manque.<\/p>\n<p data-start=\"574\" data-end=\"807\">\u2013 Impression couleur sur vinyle brillant<br data-start=\"786\" data-end=\"789\" \/>\u2013 R\u00e9sistant \u00e0 l\u2019eau &amp; \u00e0 l\u2019usure l\u00e9g\u00e8re<br data-start=\"827\" data-end=\"830\" \/>\u2013 Taille env. 7 cm<\/p>","protected":false},"excerpt":{"rendered":"<p>Une sorci\u00e8re d\u2019amour pr\u00eate \u00e0 ensorceler ton ordi, ton carnet ou ta bo\u00eete aux lettres. R\u00e9tro, brillante, redoutablement charmante.<\/p>","protected":false},"featured_media":7134,"template":"","meta":{"_eb_attr":"","_crdt_document":"","ocean_post_layout":"","ocean_both_sidebars_style":"","ocean_both_sidebars_content_width":0,"ocean_both_sidebars_sidebars_width":0,"ocean_sidebar":"","ocean_second_sidebar":"","ocean_disable_margins":"enable","ocean_add_body_class":"","ocean_shortcode_before_top_bar":"","ocean_shortcode_after_top_bar":"","ocean_shortcode_before_header":"","ocean_shortcode_after_header":"","ocean_has_shortcode":"","ocean_shortcode_after_title":"","ocean_shortcode_before_footer_widgets":"","ocean_shortcode_after_footer_widgets":"","ocean_shortcode_before_footer_bottom":"","ocean_shortcode_after_footer_bottom":"","ocean_display_top_bar":"default","ocean_display_header":"default","ocean_header_style":"","ocean_center_header_left_menu":"","ocean_custom_header_template":"","ocean_custom_logo":0,"ocean_custom_retina_logo":0,"ocean_custom_logo_max_width":0,"ocean_custom_logo_tablet_max_width":0,"ocean_custom_logo_mobile_max_width":0,"ocean_custom_logo_max_height":0,"ocean_custom_logo_tablet_max_height":0,"ocean_custom_logo_mobile_max_height":0,"ocean_header_custom_menu":"","ocean_menu_typo_font_family":"","ocean_menu_typo_font_subset":"","ocean_menu_typo_font_size":0,"ocean_menu_typo_font_size_tablet":0,"ocean_menu_typo_font_size_mobile":0,"ocean_menu_typo_font_size_unit":"px","ocean_menu_typo_font_weight":"","ocean_menu_typo_font_weight_tablet":"","ocean_menu_typo_font_weight_mobile":"","ocean_menu_typo_transform":"","ocean_menu_typo_transform_tablet":"","ocean_menu_typo_transform_mobile":"","ocean_menu_typo_line_height":0,"ocean_menu_typo_line_height_tablet":0,"ocean_menu_typo_line_height_mobile":0,"ocean_menu_typo_line_height_unit":"","ocean_menu_typo_spacing":0,"ocean_menu_typo_spacing_tablet":0,"ocean_menu_typo_spacing_mobile":0,"ocean_menu_typo_spacing_unit":"","ocean_menu_link_color":"","ocean_menu_link_color_hover":"","ocean_menu_link_color_active":"","ocean_menu_link_background":"","ocean_menu_link_hover_background":"","ocean_menu_link_active_background":"","ocean_menu_social_links_bg":"","ocean_menu_social_hover_links_bg":"","ocean_menu_social_links_color":"","ocean_menu_social_hover_links_color":"","ocean_disable_title":"default","ocean_disable_heading":"default","ocean_post_title":"","ocean_post_subheading":"","ocean_post_title_style":"","ocean_post_title_background_color":"","ocean_post_title_background":0,"ocean_post_title_bg_image_position":"","ocean_post_title_bg_image_attachment":"","ocean_post_title_bg_image_repeat":"","ocean_post_title_bg_image_size":"","ocean_post_title_height":0,"ocean_post_title_bg_overlay":0.5,"ocean_post_title_bg_overlay_color":"","ocean_disable_breadcrumbs":"default","ocean_breadcrumbs_color":"","ocean_breadcrumbs_separator_color":"","ocean_breadcrumbs_links_color":"","ocean_breadcrumbs_links_hover_color":"","ocean_display_footer_widgets":"default","ocean_display_footer_bottom":"default","ocean_custom_footer_template":""},"product_brand":[],"product_cat":[121,37,123],"product_tag":[],"class_list":{"0":"post-7229","1":"product","2":"type-product","3":"status-publish","4":"has-post-thumbnail","6":"product_cat-goodies","7":"product_cat-stickers","8":"product_cat-stickers-cartes","10":"entry","11":"has-media","13":"first","14":"instock","15":"shipping-taxable","16":"purchasable","17":"product-type-simple","18":"has-product-nav","19":"col","20":"span_1_of_4","21":"owp-content-center","22":"owp-thumbs-layout-horizontal","23":"owp-btn-normal","24":"owp-tabs-layout-horizontal"},"yoast_head":"<!-- This site is optimized with the Yoast SEO plugin v27.4 - https:\/\/yoast.com\/product\/yoast-seo-wordpress\/ -->\n<title>Stickers Love Witch -<\/title>\n<meta name=\"description\" content=\"Sticker vinyle brillant \u00e0 l\u2019humour magique et au rose piquant. R\u00e9sistant, d\u00e9coup\u00e9 \u00e0 la forme, env. 7 cm. Pinup art. Halloween.\" \/>\n<meta name=\"robots\" content=\"index, follow, max-snippet:-1, max-image-preview:large, max-video-preview:-1\" \/>\n<link rel=\"canonical\" href=\"https:\/\/loubasali.com\/en\/product\/love-witch-2\/\" \/>\n<meta property=\"og:locale\" content=\"en_US\" \/>\n<meta property=\"og:type\" content=\"article\" \/>\n<meta property=\"og:title\" content=\"Sticker Love Witch\" \/>\n<meta property=\"og:description\" content=\"Sticker vinyle brillant \u00e0 l\u2019humour magique et au rose piquant. R\u00e9sistant, d\u00e9coup\u00e9 \u00e0 la forme, env. 7 cm. Pinup art. Halloween.\" \/>\n<meta property=\"og:url\" content=\"https:\/\/loubasali.com\/en\/product\/love-witch-2\/\" \/>\n<meta property=\"article:modified_time\" content=\"2026-04-19T18:09:45+00:00\" \/>\n<meta property=\"og:image\" content=\"https:\/\/loubasali.com\/wp-content\/uploads\/2025\/03\/Sticker-Halloween-Lover.jpg\" \/>\n\t<meta property=\"og:image:width\" content=\"1000\" \/>\n\t<meta property=\"og:image:height\" content=\"1000\" \/>\n\t<meta property=\"og:image:type\" content=\"image\/jpeg\" \/>\n<meta name=\"twitter:card\" content=\"summary_large_image\" \/>\n<meta name=\"twitter:label1\" content=\"Est. reading time\" \/>\n\t<meta name=\"twitter:data1\" content=\"1 minute\" \/>\n<script type=\"application\/ld+json\" class=\"yoast-schema-graph\">{\"@context\":\"https:\\\/\\\/schema.org\",\"@graph\":[{\"@type\":\"WebPage\",\"@id\":\"https:\\\/\\\/loubasali.com\\\/produit\\\/love-witch-2\\\/\",\"url\":\"https:\\\/\\\/loubasali.com\\\/produit\\\/love-witch-2\\\/\",\"name\":\"Stickers Love Witch -\",\"isPartOf\":{\"@id\":\"https:\\\/\\\/loubasali.com\\\/#website\"},\"primaryImageOfPage\":{\"@id\":\"https:\\\/\\\/loubasali.com\\\/produit\\\/love-witch-2\\\/#primaryimage\"},\"image\":{\"@id\":\"https:\\\/\\\/loubasali.com\\\/produit\\\/love-witch-2\\\/#primaryimage\"},\"thumbnailUrl\":\"https:\\\/\\\/loubasali.com\\\/wp-content\\\/uploads\\\/2025\\\/03\\\/Sticker-Halloween-Lover.jpg\",\"datePublished\":\"2025-04-01T10:01:05+00:00\",\"dateModified\":\"2026-04-19T18:09:45+00:00\",\"description\":\"Sticker vinyle brillant \u00e0 l\u2019humour magique et au rose piquant. R\u00e9sistant, d\u00e9coup\u00e9 \u00e0 la forme, env. 7 cm. Pinup art. Halloween.\",\"breadcrumb\":{\"@id\":\"https:\\\/\\\/loubasali.com\\\/produit\\\/love-witch-2\\\/#breadcrumb\"},\"inLanguage\":\"en-US\",\"potentialAction\":[{\"@type\":\"ReadAction\",\"target\":[\"https:\\\/\\\/loubasali.com\\\/produit\\\/love-witch-2\\\/\"]}]},{\"@type\":\"ImageObject\",\"inLanguage\":\"en-US\",\"@id\":\"https:\\\/\\\/loubasali.com\\\/produit\\\/love-witch-2\\\/#primaryimage\",\"url\":\"https:\\\/\\\/loubasali.com\\\/wp-content\\\/uploads\\\/2025\\\/03\\\/Sticker-Halloween-Lover.jpg\",\"contentUrl\":\"https:\\\/\\\/loubasali.com\\\/wp-content\\\/uploads\\\/2025\\\/03\\\/Sticker-Halloween-Lover.jpg\",\"width\":1000,\"height\":1000},{\"@type\":\"BreadcrumbList\",\"@id\":\"https:\\\/\\\/loubasali.com\\\/produit\\\/love-witch-2\\\/#breadcrumb\",\"itemListElement\":[{\"@type\":\"ListItem\",\"position\":1,\"name\":\"Accueil\",\"item\":\"https:\\\/\\\/loubasali.com\\\/\"},{\"@type\":\"ListItem\",\"position\":2,\"name\":\"Produits\",\"item\":\"https:\\\/\\\/loubasali.com\\\/idees-cadeaux-pinup-vintage-essonne\\\/\"},{\"@type\":\"ListItem\",\"position\":3,\"name\":\"Stickers Love Witch\"}]},{\"@type\":\"WebSite\",\"@id\":\"https:\\\/\\\/loubasali.com\\\/#website\",\"url\":\"https:\\\/\\\/loubasali.com\\\/\",\"name\":\"\",\"description\":\"\",\"potentialAction\":[{\"@type\":\"SearchAction\",\"target\":{\"@type\":\"EntryPoint\",\"urlTemplate\":\"https:\\\/\\\/loubasali.com\\\/?s={search_term_string}\"},\"query-input\":{\"@type\":\"PropertyValueSpecification\",\"valueRequired\":true,\"valueName\":\"search_term_string\"}}],\"inLanguage\":\"en-US\"}]}<\/script>\n<!-- \/ Yoast SEO plugin. -->","yoast_head_json":{"title":"Stickers Love Witch -","description":"Sticker vinyle brillant \u00e0 l\u2019humour magique et au rose piquant. R\u00e9sistant, d\u00e9coup\u00e9 \u00e0 la forme, env. 7 cm. Pinup art. Halloween.","robots":{"index":"index","follow":"follow","max-snippet":"max-snippet:-1","max-image-preview":"max-image-preview:large","max-video-preview":"max-video-preview:-1"},"canonical":"https:\/\/loubasali.com\/en\/product\/love-witch-2\/","og_locale":"en_US","og_type":"article","og_title":"Sticker Love Witch","og_description":"Sticker vinyle brillant \u00e0 l\u2019humour magique et au rose piquant. R\u00e9sistant, d\u00e9coup\u00e9 \u00e0 la forme, env. 7 cm. Pinup art. Halloween.","og_url":"https:\/\/loubasali.com\/en\/product\/love-witch-2\/","article_modified_time":"2026-04-19T18:09:45+00:00","og_image":[{"width":1000,"height":1000,"url":"https:\/\/loubasali.com\/wp-content\/uploads\/2025\/03\/Sticker-Halloween-Lover.jpg","type":"image\/jpeg"}],"twitter_card":"summary_large_image","twitter_misc":{"Est. reading time":"1 minute"},"schema":{"@context":"https:\/\/schema.org","@graph":[{"@type":"WebPage","@id":"https:\/\/loubasali.com\/produit\/love-witch-2\/","url":"https:\/\/loubasali.com\/produit\/love-witch-2\/","name":"Stickers Love Witch -","isPartOf":{"@id":"https:\/\/loubasali.com\/#website"},"primaryImageOfPage":{"@id":"https:\/\/loubasali.com\/produit\/love-witch-2\/#primaryimage"},"image":{"@id":"https:\/\/loubasali.com\/produit\/love-witch-2\/#primaryimage"},"thumbnailUrl":"https:\/\/loubasali.com\/wp-content\/uploads\/2025\/03\/Sticker-Halloween-Lover.jpg","datePublished":"2025-04-01T10:01:05+00:00","dateModified":"2026-04-19T18:09:45+00:00","description":"Sticker vinyle brillant \u00e0 l\u2019humour magique et au rose piquant. R\u00e9sistant, d\u00e9coup\u00e9 \u00e0 la forme, env. 7 cm. Pinup art. Halloween.","breadcrumb":{"@id":"https:\/\/loubasali.com\/produit\/love-witch-2\/#breadcrumb"},"inLanguage":"en-US","potentialAction":[{"@type":"ReadAction","target":["https:\/\/loubasali.com\/produit\/love-witch-2\/"]}]},{"@type":"ImageObject","inLanguage":"en-US","@id":"https:\/\/loubasali.com\/produit\/love-witch-2\/#primaryimage","url":"https:\/\/loubasali.com\/wp-content\/uploads\/2025\/03\/Sticker-Halloween-Lover.jpg","contentUrl":"https:\/\/loubasali.com\/wp-content\/uploads\/2025\/03\/Sticker-Halloween-Lover.jpg","width":1000,"height":1000},{"@type":"BreadcrumbList","@id":"https:\/\/loubasali.com\/produit\/love-witch-2\/#breadcrumb","itemListElement":[{"@type":"ListItem","position":1,"name":"Accueil","item":"https:\/\/loubasali.com\/"},{"@type":"ListItem","position":2,"name":"Produits","item":"https:\/\/loubasali.com\/idees-cadeaux-pinup-vintage-essonne\/"},{"@type":"ListItem","position":3,"name":"Stickers Love Witch"}]},{"@type":"WebSite","@id":"https:\/\/loubasali.com\/#website","url":"https:\/\/loubasali.com\/","name":"","description":"","potentialAction":[{"@type":"SearchAction","target":{"@type":"EntryPoint","urlTemplate":"https:\/\/loubasali.com\/?s={search_term_string}"},"query-input":{"@type":"PropertyValueSpecification","valueRequired":true,"valueName":"search_term_string"}}],"inLanguage":"en-US"}]}},"_links":{"self":[{"href":"https:\/\/loubasali.com\/en\/wp-json\/wp\/v2\/product\/7229","targetHints":{"allow":["GET"]}}],"collection":[{"href":"https:\/\/loubasali.com\/en\/wp-json\/wp\/v2\/product"}],"about":[{"href":"https:\/\/loubasali.com\/en\/wp-json\/wp\/v2\/types\/product"}],"version-history":[{"count":1,"href":"https:\/\/loubasali.com\/en\/wp-json\/wp\/v2\/product\/7229\/revisions"}],"predecessor-version":[{"id":8093,"href":"https:\/\/loubasali.com\/en\/wp-json\/wp\/v2\/product\/7229\/revisions\/8093"}],"wp:featuredmedia":[{"embeddable":true,"href":"https:\/\/loubasali.com\/en\/wp-json\/wp\/v2\/media\/7134"}],"wp:attachment":[{"href":"https:\/\/loubasali.com\/en\/wp-json\/wp\/v2\/media?parent=7229"}],"wp:term":[{"taxonomy":"product_brand","embeddable":true,"href":"https:\/\/loubasali.com\/en\/wp-json\/wp\/v2\/product_brand?post=7229"},{"taxonomy":"product_cat","embeddable":true,"href":"https:\/\/loubasali.com\/en\/wp-json\/wp\/v2\/product_cat?post=7229"},{"taxonomy":"product_tag","embeddable":true,"href":"https:\/\/loubasali.com\/en\/wp-json\/wp\/v2\/product_tag?post=7229"}],"curies":[{"name":"wp","href":"https:\/\/api.w.org\/{rel}","templated":true}]}}