{"id":7206,"date":"2025-03-31T17:00:59","date_gmt":"2025-03-31T16:00:59","guid":{"rendered":"https:\/\/loubasali.com\/?post_type=product&#038;p=7206"},"modified":"2025-09-16T10:32:57","modified_gmt":"2025-09-16T09:32:57","slug":"affiche-bam","status":"publish","type":"product","link":"https:\/\/loubasali.com\/en\/product\/affiche-bam\/","title":{"rendered":"Affiche \u00ab\u00a0Bam!\u00a0\u00bb"},"content":{"rendered":"<p class=\"\" data-start=\"201\" data-end=\"403\">Elle n\u2019a pas besoin d\u2019exploser un mur pour faire un effet <em data-start=\"259\" data-end=\"264\">BAM<\/em>.<br data-start=\"265\" data-end=\"268\" \/>Une pose assur\u00e9e, une silhouette redoutable en noir, une chevelure rousse de d\u00e9esse et ce regard&#8230; Celui qui dit que rien ne l\u2019arr\u00eate.<\/p>\n<p class=\"\" data-start=\"405\" data-end=\"616\">Cette illustration A3 rend hommage aux h\u00e9ro\u00efnes qui n\u2019attendent pas qu\u2019on leur donne la permission de briller.<br data-start=\"515\" data-end=\"518\" \/>Entre pin-up moderne et super-h\u00e9ro\u00efne assum\u00e9e, elle impose sa pr\u00e9sence avec \u00e9l\u00e9gance et assurance.<\/p>\n<p class=\"\" data-start=\"618\" data-end=\"759\">Format A3 (29,7 x 42 cm)<br data-start=\"642\" data-end=\"645\" \/>Impression couleur sur papier \u00e9pais, finition mate<br data-start=\"695\" data-end=\"698\" \/>Illustration originale sign\u00e9e Lou Basali (signature imprim\u00e9e)<\/p>\n<p class=\"\" data-start=\"761\" data-end=\"846\">\u00c0 offrir \u00e0 une badass, ou \u00e0 garder pour soi (parce que franchement, tu le vaux bien).<\/p>","protected":false},"excerpt":{"rendered":"<p>Elle d\u00e9barque, elle claque, elle brille.<br data-start=\"328\" data-end=\"331\" \/>Une h\u00e9ro\u00efne en noir qui n\u2019a pas besoin de super-pouvoirs pour captiver toute l\u2019attention.<\/p>\n<p><br data-start=\"420\" data-end=\"423\" \/>Cette illustration A3 ne passe pas inaper\u00e7ue \u2014 et c\u2019est tr\u00e8s bien comme \u00e7a.<\/p>","protected":false},"featured_media":7247,"template":"","meta":{"_eb_attr":"","_crdt_document":"","ocean_post_layout":"","ocean_both_sidebars_style":"","ocean_both_sidebars_content_width":0,"ocean_both_sidebars_sidebars_width":0,"ocean_sidebar":"","ocean_second_sidebar":"","ocean_disable_margins":"enable","ocean_add_body_class":"","ocean_shortcode_before_top_bar":"","ocean_shortcode_after_top_bar":"","ocean_shortcode_before_header":"","ocean_shortcode_after_header":"","ocean_has_shortcode":"","ocean_shortcode_after_title":"","ocean_shortcode_before_footer_widgets":"","ocean_shortcode_after_footer_widgets":"","ocean_shortcode_before_footer_bottom":"","ocean_shortcode_after_footer_bottom":"","ocean_display_top_bar":"default","ocean_display_header":"default","ocean_header_style":"","ocean_center_header_left_menu":"","ocean_custom_header_template":"","ocean_custom_logo":0,"ocean_custom_retina_logo":0,"ocean_custom_logo_max_width":0,"ocean_custom_logo_tablet_max_width":0,"ocean_custom_logo_mobile_max_width":0,"ocean_custom_logo_max_height":0,"ocean_custom_logo_tablet_max_height":0,"ocean_custom_logo_mobile_max_height":0,"ocean_header_custom_menu":"","ocean_menu_typo_font_family":"","ocean_menu_typo_font_subset":"","ocean_menu_typo_font_size":0,"ocean_menu_typo_font_size_tablet":0,"ocean_menu_typo_font_size_mobile":0,"ocean_menu_typo_font_size_unit":"px","ocean_menu_typo_font_weight":"","ocean_menu_typo_font_weight_tablet":"","ocean_menu_typo_font_weight_mobile":"","ocean_menu_typo_transform":"","ocean_menu_typo_transform_tablet":"","ocean_menu_typo_transform_mobile":"","ocean_menu_typo_line_height":0,"ocean_menu_typo_line_height_tablet":0,"ocean_menu_typo_line_height_mobile":0,"ocean_menu_typo_line_height_unit":"","ocean_menu_typo_spacing":0,"ocean_menu_typo_spacing_tablet":0,"ocean_menu_typo_spacing_mobile":0,"ocean_menu_typo_spacing_unit":"","ocean_menu_link_color":"","ocean_menu_link_color_hover":"","ocean_menu_link_color_active":"","ocean_menu_link_background":"","ocean_menu_link_hover_background":"","ocean_menu_link_active_background":"","ocean_menu_social_links_bg":"","ocean_menu_social_hover_links_bg":"","ocean_menu_social_links_color":"","ocean_menu_social_hover_links_color":"","ocean_disable_title":"default","ocean_disable_heading":"default","ocean_post_title":"","ocean_post_subheading":"","ocean_post_title_style":"","ocean_post_title_background_color":"","ocean_post_title_background":0,"ocean_post_title_bg_image_position":"","ocean_post_title_bg_image_attachment":"","ocean_post_title_bg_image_repeat":"","ocean_post_title_bg_image_size":"","ocean_post_title_height":0,"ocean_post_title_bg_overlay":0.5,"ocean_post_title_bg_overlay_color":"","ocean_disable_breadcrumbs":"default","ocean_breadcrumbs_color":"","ocean_breadcrumbs_separator_color":"","ocean_breadcrumbs_links_color":"","ocean_breadcrumbs_links_hover_color":"","ocean_display_footer_widgets":"default","ocean_display_footer_bottom":"default","ocean_custom_footer_template":""},"product_brand":[],"product_cat":[95,40],"product_tag":[],"class_list":{"0":"post-7206","1":"product","2":"type-product","3":"status-publish","4":"has-post-thumbnail","6":"product_cat-affiches","7":"product_cat-impressions","8":"product_shipping_class-france-uniquement","10":"entry","11":"has-media","13":"first","14":"instock","15":"shipping-taxable","16":"purchasable","17":"product-type-simple","18":"has-product-nav","19":"col","20":"span_1_of_4","21":"owp-content-center","22":"owp-thumbs-layout-horizontal","23":"owp-btn-normal","24":"owp-tabs-layout-horizontal"},"yoast_head":"<!-- This site is optimized with the Yoast SEO plugin v27.4 - https:\/\/yoast.com\/product\/yoast-seo-wordpress\/ -->\n<title>Affiche &quot;Bam!&quot; -<\/title>\n<meta name=\"description\" content=\"Affiche A3 percutante pour les fans de pop culture et de super-h\u00e9ro\u00efnes affirm\u00e9es. Parfaite pour \u00e9lectriser un mur. Pinupart.\" \/>\n<meta name=\"robots\" content=\"index, follow, max-snippet:-1, max-image-preview:large, max-video-preview:-1\" \/>\n<link rel=\"canonical\" href=\"https:\/\/loubasali.com\/en\/product\/affiche-bam\/\" \/>\n<meta property=\"og:locale\" content=\"en_US\" \/>\n<meta property=\"og:type\" content=\"article\" \/>\n<meta property=\"og:title\" content=\"Affiche &quot;Bam!&quot;\" \/>\n<meta property=\"og:description\" content=\"Affiche A3 percutante pour les fans de pop culture et de super-h\u00e9ro\u00efnes affirm\u00e9es. Parfaite pour \u00e9lectriser un mur.\" \/>\n<meta property=\"og:url\" content=\"https:\/\/loubasali.com\/en\/product\/affiche-bam\/\" \/>\n<meta property=\"article:modified_time\" content=\"2025-09-16T09:32:57+00:00\" \/>\n<meta property=\"og:image\" content=\"https:\/\/loubasali.com\/wp-content\/uploads\/2025\/03\/A3-Superheroine-Bam-mockup.jpg\" \/>\n\t<meta property=\"og:image:width\" content=\"1000\" \/>\n\t<meta property=\"og:image:height\" content=\"1000\" \/>\n\t<meta property=\"og:image:type\" content=\"image\/jpeg\" \/>\n<meta name=\"twitter:card\" content=\"summary_large_image\" \/>\n<meta name=\"twitter:label1\" content=\"Est. reading time\" \/>\n\t<meta name=\"twitter:data1\" content=\"1 minute\" \/>\n<script type=\"application\/ld+json\" class=\"yoast-schema-graph\">{\"@context\":\"https:\\\/\\\/schema.org\",\"@graph\":[{\"@type\":\"WebPage\",\"@id\":\"https:\\\/\\\/loubasali.com\\\/produit\\\/affiche-bam\\\/\",\"url\":\"https:\\\/\\\/loubasali.com\\\/produit\\\/affiche-bam\\\/\",\"name\":\"Affiche \\\"Bam!\\\" -\",\"isPartOf\":{\"@id\":\"https:\\\/\\\/loubasali.com\\\/#website\"},\"primaryImageOfPage\":{\"@id\":\"https:\\\/\\\/loubasali.com\\\/produit\\\/affiche-bam\\\/#primaryimage\"},\"image\":{\"@id\":\"https:\\\/\\\/loubasali.com\\\/produit\\\/affiche-bam\\\/#primaryimage\"},\"thumbnailUrl\":\"https:\\\/\\\/loubasali.com\\\/wp-content\\\/uploads\\\/2025\\\/03\\\/A3-Superheroine-Bam-mockup.jpg\",\"datePublished\":\"2025-03-31T16:00:59+00:00\",\"dateModified\":\"2025-09-16T09:32:57+00:00\",\"description\":\"Affiche A3 percutante pour les fans de pop culture et de super-h\u00e9ro\u00efnes affirm\u00e9es. Parfaite pour \u00e9lectriser un mur. Pinupart.\",\"breadcrumb\":{\"@id\":\"https:\\\/\\\/loubasali.com\\\/produit\\\/affiche-bam\\\/#breadcrumb\"},\"inLanguage\":\"en-US\",\"potentialAction\":[{\"@type\":\"ReadAction\",\"target\":[\"https:\\\/\\\/loubasali.com\\\/produit\\\/affiche-bam\\\/\"]}]},{\"@type\":\"ImageObject\",\"inLanguage\":\"en-US\",\"@id\":\"https:\\\/\\\/loubasali.com\\\/produit\\\/affiche-bam\\\/#primaryimage\",\"url\":\"https:\\\/\\\/loubasali.com\\\/wp-content\\\/uploads\\\/2025\\\/03\\\/A3-Superheroine-Bam-mockup.jpg\",\"contentUrl\":\"https:\\\/\\\/loubasali.com\\\/wp-content\\\/uploads\\\/2025\\\/03\\\/A3-Superheroine-Bam-mockup.jpg\",\"width\":1000,\"height\":1000},{\"@type\":\"BreadcrumbList\",\"@id\":\"https:\\\/\\\/loubasali.com\\\/produit\\\/affiche-bam\\\/#breadcrumb\",\"itemListElement\":[{\"@type\":\"ListItem\",\"position\":1,\"name\":\"Accueil\",\"item\":\"https:\\\/\\\/loubasali.com\\\/\"},{\"@type\":\"ListItem\",\"position\":2,\"name\":\"Boutique\",\"item\":\"https:\\\/\\\/loubasali.com\\\/art-et-pin-up\\\/\"},{\"@type\":\"ListItem\",\"position\":3,\"name\":\"Affiche \u00ab\u00a0Bam!\u00a0\u00bb\"}]},{\"@type\":\"WebSite\",\"@id\":\"https:\\\/\\\/loubasali.com\\\/#website\",\"url\":\"https:\\\/\\\/loubasali.com\\\/\",\"name\":\"\",\"description\":\"\",\"potentialAction\":[{\"@type\":\"SearchAction\",\"target\":{\"@type\":\"EntryPoint\",\"urlTemplate\":\"https:\\\/\\\/loubasali.com\\\/?s={search_term_string}\"},\"query-input\":{\"@type\":\"PropertyValueSpecification\",\"valueRequired\":true,\"valueName\":\"search_term_string\"}}],\"inLanguage\":\"en-US\"}]}<\/script>\n<!-- \/ Yoast SEO plugin. -->","yoast_head_json":{"title":"Affiche \"Bam!\" -","description":"Affiche A3 percutante pour les fans de pop culture et de super-h\u00e9ro\u00efnes affirm\u00e9es. Parfaite pour \u00e9lectriser un mur. Pinupart.","robots":{"index":"index","follow":"follow","max-snippet":"max-snippet:-1","max-image-preview":"max-image-preview:large","max-video-preview":"max-video-preview:-1"},"canonical":"https:\/\/loubasali.com\/en\/product\/affiche-bam\/","og_locale":"en_US","og_type":"article","og_title":"Affiche \"Bam!\"","og_description":"Affiche A3 percutante pour les fans de pop culture et de super-h\u00e9ro\u00efnes affirm\u00e9es. Parfaite pour \u00e9lectriser un mur.","og_url":"https:\/\/loubasali.com\/en\/product\/affiche-bam\/","article_modified_time":"2025-09-16T09:32:57+00:00","og_image":[{"width":1000,"height":1000,"url":"https:\/\/loubasali.com\/wp-content\/uploads\/2025\/03\/A3-Superheroine-Bam-mockup.jpg","type":"image\/jpeg"}],"twitter_card":"summary_large_image","twitter_misc":{"Est. reading time":"1 minute"},"schema":{"@context":"https:\/\/schema.org","@graph":[{"@type":"WebPage","@id":"https:\/\/loubasali.com\/produit\/affiche-bam\/","url":"https:\/\/loubasali.com\/produit\/affiche-bam\/","name":"Affiche \"Bam!\" -","isPartOf":{"@id":"https:\/\/loubasali.com\/#website"},"primaryImageOfPage":{"@id":"https:\/\/loubasali.com\/produit\/affiche-bam\/#primaryimage"},"image":{"@id":"https:\/\/loubasali.com\/produit\/affiche-bam\/#primaryimage"},"thumbnailUrl":"https:\/\/loubasali.com\/wp-content\/uploads\/2025\/03\/A3-Superheroine-Bam-mockup.jpg","datePublished":"2025-03-31T16:00:59+00:00","dateModified":"2025-09-16T09:32:57+00:00","description":"Affiche A3 percutante pour les fans de pop culture et de super-h\u00e9ro\u00efnes affirm\u00e9es. Parfaite pour \u00e9lectriser un mur. Pinupart.","breadcrumb":{"@id":"https:\/\/loubasali.com\/produit\/affiche-bam\/#breadcrumb"},"inLanguage":"en-US","potentialAction":[{"@type":"ReadAction","target":["https:\/\/loubasali.com\/produit\/affiche-bam\/"]}]},{"@type":"ImageObject","inLanguage":"en-US","@id":"https:\/\/loubasali.com\/produit\/affiche-bam\/#primaryimage","url":"https:\/\/loubasali.com\/wp-content\/uploads\/2025\/03\/A3-Superheroine-Bam-mockup.jpg","contentUrl":"https:\/\/loubasali.com\/wp-content\/uploads\/2025\/03\/A3-Superheroine-Bam-mockup.jpg","width":1000,"height":1000},{"@type":"BreadcrumbList","@id":"https:\/\/loubasali.com\/produit\/affiche-bam\/#breadcrumb","itemListElement":[{"@type":"ListItem","position":1,"name":"Accueil","item":"https:\/\/loubasali.com\/"},{"@type":"ListItem","position":2,"name":"Boutique","item":"https:\/\/loubasali.com\/art-et-pin-up\/"},{"@type":"ListItem","position":3,"name":"Affiche \u00ab\u00a0Bam!\u00a0\u00bb"}]},{"@type":"WebSite","@id":"https:\/\/loubasali.com\/#website","url":"https:\/\/loubasali.com\/","name":"","description":"","potentialAction":[{"@type":"SearchAction","target":{"@type":"EntryPoint","urlTemplate":"https:\/\/loubasali.com\/?s={search_term_string}"},"query-input":{"@type":"PropertyValueSpecification","valueRequired":true,"valueName":"search_term_string"}}],"inLanguage":"en-US"}]}},"_links":{"self":[{"href":"https:\/\/loubasali.com\/en\/wp-json\/wp\/v2\/product\/7206","targetHints":{"allow":["GET"]}}],"collection":[{"href":"https:\/\/loubasali.com\/en\/wp-json\/wp\/v2\/product"}],"about":[{"href":"https:\/\/loubasali.com\/en\/wp-json\/wp\/v2\/types\/product"}],"version-history":[{"count":0,"href":"https:\/\/loubasali.com\/en\/wp-json\/wp\/v2\/product\/7206\/revisions"}],"wp:featuredmedia":[{"embeddable":true,"href":"https:\/\/loubasali.com\/en\/wp-json\/wp\/v2\/media\/7247"}],"wp:attachment":[{"href":"https:\/\/loubasali.com\/en\/wp-json\/wp\/v2\/media?parent=7206"}],"wp:term":[{"taxonomy":"product_brand","embeddable":true,"href":"https:\/\/loubasali.com\/en\/wp-json\/wp\/v2\/product_brand?post=7206"},{"taxonomy":"product_cat","embeddable":true,"href":"https:\/\/loubasali.com\/en\/wp-json\/wp\/v2\/product_cat?post=7206"},{"taxonomy":"product_tag","embeddable":true,"href":"https:\/\/loubasali.com\/en\/wp-json\/wp\/v2\/product_tag?post=7206"}],"curies":[{"name":"wp","href":"https:\/\/api.w.org\/{rel}","templated":true}]}}