{"id":7194,"date":"2026-01-01T18:00:58","date_gmt":"2026-01-01T17:00:58","guid":{"rendered":"https:\/\/loubasali.com\/?post_type=product&#038;p=7194"},"modified":"2026-04-09T18:14:56","modified_gmt":"2026-04-09T17:14:56","slug":"pink-power","status":"publish","type":"product","link":"https:\/\/loubasali.com\/en\/product\/pink-power\/","title":{"rendered":"Pink Power"},"content":{"rendered":"<p class=\"\" data-start=\"553\" data-end=\"832\"><strong data-start=\"553\" data-end=\"591\">Bienvenue dans le Pink Power Club.<\/strong><br data-start=\"591\" data-end=\"594\" \/>Un coffret illustr\u00e9 pour les esprits cr\u00e9atifs qui aiment quand \u00e7a claque.<br data-start=\"667\" data-end=\"670\" \/>Et ici, \u00e7a fait m\u00eame <em data-start=\"691\" data-end=\"697\">clac<\/em> : le cahier \u00e0 spirale est \u00e9quip\u00e9 d\u2019un syst\u00e8me ouvrable, hyper pratique pour rajouter ou retirer des pages selon l\u2019envie (ou l\u2019humeur).<\/p>\n<p class=\"\" data-start=\"834\" data-end=\"1088\">Dans ce coffret :<\/p>\n<p class=\"\" data-start=\"834\" data-end=\"1088\">\u2013 un <strong data-start=\"558\" data-end=\"588\">cahier \u00e0 spirale format B5<\/strong>, avec une <strong data-start=\"599\" data-end=\"641\">feuille de protection plastique souple<\/strong>, une <strong data-start=\"647\" data-end=\"679\">couverture satin\u00e9e illustr\u00e9e<\/strong>, et des <strong data-start=\"688\" data-end=\"710\">spirales ouvrables<\/strong> (<em data-start=\"712\" data-end=\"718\">clac<\/em>).<br data-start=\"720\" data-end=\"723\" \/>\u00c0 l\u2019int\u00e9rieur, des pages <strong data-start=\"748\" data-end=\"760\">blanches<\/strong> au <strong data-start=\"764\" data-end=\"779\">grain l\u00e9ger<\/strong>, parfaites pour les prises de notes comme pour les croquis.<br data-start=\"936\" data-end=\"939\" \/>\u2013 un <strong data-start=\"944\" data-end=\"964\">stylo gel \u00ab\u00a0clic\u00a0\u00bb<\/strong> avec sa figurine acrylique assortie<\/p>\n<p class=\"\" data-start=\"1090\" data-end=\"1256\">Le tout dans une gamme rose punchy et douce \u00e0 la fois, illustr\u00e9 par une h\u00e9ro\u00efne r\u00e9tro, tatou\u00e9e, connect\u00e9e, et bien d\u00e9cid\u00e9e \u00e0 ne pas se laisser marcher sur les talons.<\/p>\n<p class=\"\" data-start=\"1258\" data-end=\"1314\">\u00c0 offrir, \u00e0 garder, ou \u00e0 poser fi\u00e8rement sur son bureau.<\/p>","protected":false},"excerpt":{"rendered":"<p>Un coffret de bureau qui claque\u2026 et qui fait \u00ab\u00a0clac\u00a0\u00bb !<br data-start=\"320\" data-end=\"323\" \/>Cahier \u00e0 spirale ouvrable et stylo assortis;<\/p>\n<p>Un set complet dans les tons rose r\u00e9tro, pour celles et ceux qui bossent avec style.<\/p>","protected":false},"featured_media":7122,"template":"","meta":{"_eb_attr":"","_crdt_document":"","ocean_post_layout":"","ocean_both_sidebars_style":"","ocean_both_sidebars_content_width":0,"ocean_both_sidebars_sidebars_width":0,"ocean_sidebar":"0","ocean_second_sidebar":"0","ocean_disable_margins":"enable","ocean_add_body_class":"","ocean_shortcode_before_top_bar":"","ocean_shortcode_after_top_bar":"","ocean_shortcode_before_header":"","ocean_shortcode_after_header":"","ocean_has_shortcode":"","ocean_shortcode_after_title":"","ocean_shortcode_before_footer_widgets":"","ocean_shortcode_after_footer_widgets":"","ocean_shortcode_before_footer_bottom":"","ocean_shortcode_after_footer_bottom":"","ocean_display_top_bar":"default","ocean_display_header":"default","ocean_header_style":"","ocean_center_header_left_menu":"0","ocean_custom_header_template":"0","ocean_custom_logo":0,"ocean_custom_retina_logo":0,"ocean_custom_logo_max_width":0,"ocean_custom_logo_tablet_max_width":0,"ocean_custom_logo_mobile_max_width":0,"ocean_custom_logo_max_height":0,"ocean_custom_logo_tablet_max_height":0,"ocean_custom_logo_mobile_max_height":0,"ocean_header_custom_menu":"0","ocean_menu_typo_font_family":"0","ocean_menu_typo_font_subset":"","ocean_menu_typo_font_size":0,"ocean_menu_typo_font_size_tablet":0,"ocean_menu_typo_font_size_mobile":0,"ocean_menu_typo_font_size_unit":"px","ocean_menu_typo_font_weight":"","ocean_menu_typo_font_weight_tablet":"","ocean_menu_typo_font_weight_mobile":"","ocean_menu_typo_transform":"","ocean_menu_typo_transform_tablet":"","ocean_menu_typo_transform_mobile":"","ocean_menu_typo_line_height":0,"ocean_menu_typo_line_height_tablet":0,"ocean_menu_typo_line_height_mobile":0,"ocean_menu_typo_line_height_unit":"","ocean_menu_typo_spacing":0,"ocean_menu_typo_spacing_tablet":0,"ocean_menu_typo_spacing_mobile":0,"ocean_menu_typo_spacing_unit":"","ocean_menu_link_color":"","ocean_menu_link_color_hover":"","ocean_menu_link_color_active":"","ocean_menu_link_background":"","ocean_menu_link_hover_background":"","ocean_menu_link_active_background":"","ocean_menu_social_links_bg":"","ocean_menu_social_hover_links_bg":"","ocean_menu_social_links_color":"","ocean_menu_social_hover_links_color":"","ocean_disable_title":"default","ocean_disable_heading":"default","ocean_post_title":"","ocean_post_subheading":"","ocean_post_title_style":"","ocean_post_title_background_color":"","ocean_post_title_background":0,"ocean_post_title_bg_image_position":"","ocean_post_title_bg_image_attachment":"","ocean_post_title_bg_image_repeat":"","ocean_post_title_bg_image_size":"","ocean_post_title_height":0,"ocean_post_title_bg_overlay":0.5,"ocean_post_title_bg_overlay_color":"","ocean_disable_breadcrumbs":"default","ocean_breadcrumbs_color":"","ocean_breadcrumbs_separator_color":"","ocean_breadcrumbs_links_color":"","ocean_breadcrumbs_links_hover_color":"","ocean_display_footer_widgets":"default","ocean_display_footer_bottom":"default","ocean_custom_footer_template":"0"},"product_brand":[],"product_cat":[38,92,110,93],"product_tag":[],"class_list":{"0":"post-7194","1":"product","2":"type-product","3":"status-publish","4":"has-post-thumbnail","6":"product_cat-cahiers","7":"product_cat-coffrets-cadeau","8":"product_cat-editions-limitees","9":"product_cat-stylos","11":"entry","12":"has-media","14":"first","15":"instock","16":"shipping-taxable","17":"purchasable","18":"product-type-simple","19":"has-product-nav","20":"col","21":"span_1_of_4","22":"owp-content-center","23":"owp-thumbs-layout-horizontal","24":"owp-btn-normal","25":"owp-tabs-layout-horizontal"},"yoast_head":"<!-- This site is optimized with the Yoast SEO plugin v27.4 - https:\/\/yoast.com\/product\/yoast-seo-wordpress\/ -->\n<title>Pink Power -<\/title>\n<meta name=\"description\" content=\"Coffret illustr\u00e9 r\u00e9tro avec cahier \u00e0 spirale et stylo assortis. Pour les esprits cr\u00e9atifs qui aiment quand \u00e7a claque pour la rentr\u00e9e.\" \/>\n<meta name=\"robots\" content=\"index, follow, max-snippet:-1, max-image-preview:large, max-video-preview:-1\" \/>\n<link rel=\"canonical\" href=\"https:\/\/loubasali.com\/en\/product\/pink-power\/\" \/>\n<meta property=\"og:locale\" content=\"en_US\" \/>\n<meta property=\"og:type\" content=\"article\" \/>\n<meta property=\"og:title\" content=\"Pink Power Club\" \/>\n<meta property=\"og:description\" content=\"Coffret illustr\u00e9 r\u00e9tro avec cahier \u00e0 spirale, stylo, carte et sticker assortis. Pour les esprits cr\u00e9atifs qui aiment quand \u00e7a claque.\" \/>\n<meta property=\"og:url\" content=\"https:\/\/loubasali.com\/en\/product\/pink-power\/\" \/>\n<meta property=\"article:modified_time\" content=\"2026-04-09T17:14:56+00:00\" \/>\n<meta property=\"og:image\" content=\"https:\/\/loubasali.com\/wp-content\/uploads\/2025\/03\/Pack-Pink-Power-Club.jpg\" \/>\n\t<meta property=\"og:image:width\" content=\"1000\" \/>\n\t<meta property=\"og:image:height\" content=\"1000\" \/>\n\t<meta property=\"og:image:type\" content=\"image\/jpeg\" \/>\n<meta name=\"twitter:card\" content=\"summary_large_image\" \/>\n<meta name=\"twitter:label1\" content=\"Est. reading time\" \/>\n\t<meta name=\"twitter:data1\" content=\"1 minute\" \/>\n<script type=\"application\/ld+json\" class=\"yoast-schema-graph\">{\"@context\":\"https:\\\/\\\/schema.org\",\"@graph\":[{\"@type\":\"WebPage\",\"@id\":\"https:\\\/\\\/loubasali.com\\\/produit\\\/pink-power\\\/\",\"url\":\"https:\\\/\\\/loubasali.com\\\/produit\\\/pink-power\\\/\",\"name\":\"Pink Power -\",\"isPartOf\":{\"@id\":\"https:\\\/\\\/loubasali.com\\\/#website\"},\"primaryImageOfPage\":{\"@id\":\"https:\\\/\\\/loubasali.com\\\/produit\\\/pink-power\\\/#primaryimage\"},\"image\":{\"@id\":\"https:\\\/\\\/loubasali.com\\\/produit\\\/pink-power\\\/#primaryimage\"},\"thumbnailUrl\":\"https:\\\/\\\/loubasali.com\\\/wp-content\\\/uploads\\\/2025\\\/03\\\/Pack-Pink-Kit.jpg\",\"datePublished\":\"2026-01-01T17:00:58+00:00\",\"dateModified\":\"2026-04-09T17:14:56+00:00\",\"description\":\"Coffret illustr\u00e9 r\u00e9tro avec cahier \u00e0 spirale et stylo assortis. Pour les esprits cr\u00e9atifs qui aiment quand \u00e7a claque pour la rentr\u00e9e.\",\"breadcrumb\":{\"@id\":\"https:\\\/\\\/loubasali.com\\\/produit\\\/pink-power\\\/#breadcrumb\"},\"inLanguage\":\"en-US\",\"potentialAction\":[{\"@type\":\"ReadAction\",\"target\":[\"https:\\\/\\\/loubasali.com\\\/produit\\\/pink-power\\\/\"]}]},{\"@type\":\"ImageObject\",\"inLanguage\":\"en-US\",\"@id\":\"https:\\\/\\\/loubasali.com\\\/produit\\\/pink-power\\\/#primaryimage\",\"url\":\"https:\\\/\\\/loubasali.com\\\/wp-content\\\/uploads\\\/2025\\\/03\\\/Pack-Pink-Kit.jpg\",\"contentUrl\":\"https:\\\/\\\/loubasali.com\\\/wp-content\\\/uploads\\\/2025\\\/03\\\/Pack-Pink-Kit.jpg\",\"width\":1000,\"height\":1000},{\"@type\":\"BreadcrumbList\",\"@id\":\"https:\\\/\\\/loubasali.com\\\/produit\\\/pink-power\\\/#breadcrumb\",\"itemListElement\":[{\"@type\":\"ListItem\",\"position\":1,\"name\":\"Accueil\",\"item\":\"https:\\\/\\\/loubasali.com\\\/\"},{\"@type\":\"ListItem\",\"position\":2,\"name\":\"Produits\",\"item\":\"https:\\\/\\\/loubasali.com\\\/idees-cadeaux-pinup-vintage-essonne\\\/\"},{\"@type\":\"ListItem\",\"position\":3,\"name\":\"Pink Power\"}]},{\"@type\":\"WebSite\",\"@id\":\"https:\\\/\\\/loubasali.com\\\/#website\",\"url\":\"https:\\\/\\\/loubasali.com\\\/\",\"name\":\"\",\"description\":\"\",\"potentialAction\":[{\"@type\":\"SearchAction\",\"target\":{\"@type\":\"EntryPoint\",\"urlTemplate\":\"https:\\\/\\\/loubasali.com\\\/?s={search_term_string}\"},\"query-input\":{\"@type\":\"PropertyValueSpecification\",\"valueRequired\":true,\"valueName\":\"search_term_string\"}}],\"inLanguage\":\"en-US\"}]}<\/script>\n<!-- \/ Yoast SEO plugin. -->","yoast_head_json":{"title":"Pink Power -","description":"Coffret illustr\u00e9 r\u00e9tro avec cahier \u00e0 spirale et stylo assortis. Pour les esprits cr\u00e9atifs qui aiment quand \u00e7a claque pour la rentr\u00e9e.","robots":{"index":"index","follow":"follow","max-snippet":"max-snippet:-1","max-image-preview":"max-image-preview:large","max-video-preview":"max-video-preview:-1"},"canonical":"https:\/\/loubasali.com\/en\/product\/pink-power\/","og_locale":"en_US","og_type":"article","og_title":"Pink Power Club","og_description":"Coffret illustr\u00e9 r\u00e9tro avec cahier \u00e0 spirale, stylo, carte et sticker assortis. Pour les esprits cr\u00e9atifs qui aiment quand \u00e7a claque.","og_url":"https:\/\/loubasali.com\/en\/product\/pink-power\/","article_modified_time":"2026-04-09T17:14:56+00:00","og_image":[{"width":1000,"height":1000,"url":"https:\/\/loubasali.com\/wp-content\/uploads\/2025\/03\/Pack-Pink-Power-Club.jpg","type":"image\/jpeg"}],"twitter_card":"summary_large_image","twitter_misc":{"Est. reading time":"1 minute"},"schema":{"@context":"https:\/\/schema.org","@graph":[{"@type":"WebPage","@id":"https:\/\/loubasali.com\/produit\/pink-power\/","url":"https:\/\/loubasali.com\/produit\/pink-power\/","name":"Pink Power -","isPartOf":{"@id":"https:\/\/loubasali.com\/#website"},"primaryImageOfPage":{"@id":"https:\/\/loubasali.com\/produit\/pink-power\/#primaryimage"},"image":{"@id":"https:\/\/loubasali.com\/produit\/pink-power\/#primaryimage"},"thumbnailUrl":"https:\/\/loubasali.com\/wp-content\/uploads\/2025\/03\/Pack-Pink-Kit.jpg","datePublished":"2026-01-01T17:00:58+00:00","dateModified":"2026-04-09T17:14:56+00:00","description":"Coffret illustr\u00e9 r\u00e9tro avec cahier \u00e0 spirale et stylo assortis. Pour les esprits cr\u00e9atifs qui aiment quand \u00e7a claque pour la rentr\u00e9e.","breadcrumb":{"@id":"https:\/\/loubasali.com\/produit\/pink-power\/#breadcrumb"},"inLanguage":"en-US","potentialAction":[{"@type":"ReadAction","target":["https:\/\/loubasali.com\/produit\/pink-power\/"]}]},{"@type":"ImageObject","inLanguage":"en-US","@id":"https:\/\/loubasali.com\/produit\/pink-power\/#primaryimage","url":"https:\/\/loubasali.com\/wp-content\/uploads\/2025\/03\/Pack-Pink-Kit.jpg","contentUrl":"https:\/\/loubasali.com\/wp-content\/uploads\/2025\/03\/Pack-Pink-Kit.jpg","width":1000,"height":1000},{"@type":"BreadcrumbList","@id":"https:\/\/loubasali.com\/produit\/pink-power\/#breadcrumb","itemListElement":[{"@type":"ListItem","position":1,"name":"Accueil","item":"https:\/\/loubasali.com\/"},{"@type":"ListItem","position":2,"name":"Produits","item":"https:\/\/loubasali.com\/idees-cadeaux-pinup-vintage-essonne\/"},{"@type":"ListItem","position":3,"name":"Pink Power"}]},{"@type":"WebSite","@id":"https:\/\/loubasali.com\/#website","url":"https:\/\/loubasali.com\/","name":"","description":"","potentialAction":[{"@type":"SearchAction","target":{"@type":"EntryPoint","urlTemplate":"https:\/\/loubasali.com\/?s={search_term_string}"},"query-input":{"@type":"PropertyValueSpecification","valueRequired":true,"valueName":"search_term_string"}}],"inLanguage":"en-US"}]}},"_links":{"self":[{"href":"https:\/\/loubasali.com\/en\/wp-json\/wp\/v2\/product\/7194","targetHints":{"allow":["GET"]}}],"collection":[{"href":"https:\/\/loubasali.com\/en\/wp-json\/wp\/v2\/product"}],"about":[{"href":"https:\/\/loubasali.com\/en\/wp-json\/wp\/v2\/types\/product"}],"version-history":[{"count":3,"href":"https:\/\/loubasali.com\/en\/wp-json\/wp\/v2\/product\/7194\/revisions"}],"predecessor-version":[{"id":7800,"href":"https:\/\/loubasali.com\/en\/wp-json\/wp\/v2\/product\/7194\/revisions\/7800"}],"wp:featuredmedia":[{"embeddable":true,"href":"https:\/\/loubasali.com\/en\/wp-json\/wp\/v2\/media\/7122"}],"wp:attachment":[{"href":"https:\/\/loubasali.com\/en\/wp-json\/wp\/v2\/media?parent=7194"}],"wp:term":[{"taxonomy":"product_brand","embeddable":true,"href":"https:\/\/loubasali.com\/en\/wp-json\/wp\/v2\/product_brand?post=7194"},{"taxonomy":"product_cat","embeddable":true,"href":"https:\/\/loubasali.com\/en\/wp-json\/wp\/v2\/product_cat?post=7194"},{"taxonomy":"product_tag","embeddable":true,"href":"https:\/\/loubasali.com\/en\/wp-json\/wp\/v2\/product_tag?post=7194"}],"curies":[{"name":"wp","href":"https:\/\/api.w.org\/{rel}","templated":true}]}}