{"id":5325,"date":"2023-10-02T13:42:51","date_gmt":"2023-10-02T12:42:51","guid":{"rendered":"https:\/\/loubasali.com\/?post_type=product&#038;p=5325"},"modified":"2026-04-19T19:09:47","modified_gmt":"2026-04-19T18:09:47","slug":"roller-derby-pinup","status":"publish","type":"product","link":"https:\/\/loubasali.com\/en\/product\/roller-derby-pinup\/","title":{"rendered":"Stickers Ride or die"},"content":{"rendered":"<p>Foncez dans l&rsquo;univers intr\u00e9pide du roller derby et des pinup avec notre sticker \u00ab\u00a0Ride or Die\u00a0\u00bb. Cette pi\u00e8ce en vinyle \u00e9pais et r\u00e9sistant c\u00e9l\u00e8bre la d\u00e9termination des passionn\u00e9s du roller derby. Vous y d\u00e9couvrirez une femme pr\u00eate \u00e0 tout pour la victoire.<\/p>\n<p>Avec ses dimensions g\u00e9n\u00e9reuses de 76 x 57 mm, ce sticker deviendra l&rsquo;accessoire incontournable de votre collection. Il est con\u00e7u pour r\u00e9sister aux \u00e9l\u00e9ments et parfait pour orner votre \u00e9quipement de roller, votre casque, votre voiture ou tout autre endroit o\u00f9 vous souhaitez afficher votre passion.<\/p>\n<p>Sa qualit\u00e9 d&rsquo;adh\u00e9sion garantit une tenue durable, tandis que ses couleurs vibrantes et son design d\u00e9taill\u00e9 attireront tous les regards. Affichez votre d\u00e9vouement au roller derby pinup en ajoutant ce sticker unique \u00e0 votre collection.<\/p>\n<p>Montrez au monde que vous \u00eates pr\u00eat(e) \u00e0 tout pour votre passion. Ajoutez d\u00e8s maintenant ce sticker exceptionnel \u00e0 votre panier et partez \u00e0 l&rsquo;aventure !<\/p>\n<p>Si vous avez des questions ou avez besoin de plus d&rsquo;informations, n&rsquo;h\u00e9sitez pas \u00e0 <a href=\"https:\/\/loubasali.com\/en\/artiste-pinup-essonne\/\">me contacter ici.<\/a><\/p>\n<p>D\u00e9couvrez encore plus de mes cr\u00e9ations artistiques et suivez les coulisses de mon travail en me rejoignant sur Instagram : <a href=\"http:\/\/stagram.com\/loubasali\/?hl=fr\">Lou Basali<\/a><\/p>","protected":false},"excerpt":{"rendered":"<p>Foncez dans l&rsquo;univers intr\u00e9pide du roller derby avec notre sticker \u00ab\u00a0Ride or Die\u00a0\u00bb. Cette pi\u00e8ce en vinyle \u00e9pais et r\u00e9sistant c\u00e9l\u00e8bre la d\u00e9termination des passionn\u00e9s du roller derby. Vous y d\u00e9couvrirez une femme pr\u00eate \u00e0 tout pour la victoire.<\/p>\n<p>Avec ses dimensions g\u00e9n\u00e9reuses de 76 x 57 mm, ce sticker deviendra l&rsquo;accessoire incontournable de votre collection. Il est con\u00e7u pour r\u00e9sister aux \u00e9l\u00e9ments et parfait pour orner votre \u00e9quipement de roller, votre casque, votre voiture ou tout autre endroit o\u00f9 vous souhaitez afficher votre passion.<\/p>\n<p>Sa qualit\u00e9 d&rsquo;adh\u00e9sion garantit une tenue durable, tandis que ses couleurs vibrantes et son design d\u00e9taill\u00e9 attireront tous les regards. Affichez votre d\u00e9vouement au roller derby avec \u00e9l\u00e9gance en ajoutant ce sticker unique \u00e0 votre collection.<\/p>\n<p>Montrez au monde que vous \u00eates pr\u00eat(e) \u00e0 tout pour votre passion. Ajoutez d\u00e8s maintenant ce sticker exceptionnel \u00e0 votre panier et partez \u00e0 l&rsquo;aventure !<\/p>","protected":false},"featured_media":5582,"template":"","meta":{"_eb_attr":"","_crdt_document":"","ocean_post_layout":"","ocean_both_sidebars_style":"","ocean_both_sidebars_content_width":0,"ocean_both_sidebars_sidebars_width":0,"ocean_sidebar":"","ocean_second_sidebar":"","ocean_disable_margins":"enable","ocean_add_body_class":"","ocean_shortcode_before_top_bar":"","ocean_shortcode_after_top_bar":"","ocean_shortcode_before_header":"","ocean_shortcode_after_header":"","ocean_has_shortcode":"","ocean_shortcode_after_title":"","ocean_shortcode_before_footer_widgets":"","ocean_shortcode_after_footer_widgets":"","ocean_shortcode_before_footer_bottom":"","ocean_shortcode_after_footer_bottom":"","ocean_display_top_bar":"default","ocean_display_header":"default","ocean_header_style":"","ocean_center_header_left_menu":"","ocean_custom_header_template":"","ocean_custom_logo":0,"ocean_custom_retina_logo":0,"ocean_custom_logo_max_width":0,"ocean_custom_logo_tablet_max_width":0,"ocean_custom_logo_mobile_max_width":0,"ocean_custom_logo_max_height":0,"ocean_custom_logo_tablet_max_height":0,"ocean_custom_logo_mobile_max_height":0,"ocean_header_custom_menu":"","ocean_menu_typo_font_family":"","ocean_menu_typo_font_subset":"","ocean_menu_typo_font_size":0,"ocean_menu_typo_font_size_tablet":0,"ocean_menu_typo_font_size_mobile":0,"ocean_menu_typo_font_size_unit":"px","ocean_menu_typo_font_weight":"","ocean_menu_typo_font_weight_tablet":"","ocean_menu_typo_font_weight_mobile":"","ocean_menu_typo_transform":"","ocean_menu_typo_transform_tablet":"","ocean_menu_typo_transform_mobile":"","ocean_menu_typo_line_height":0,"ocean_menu_typo_line_height_tablet":0,"ocean_menu_typo_line_height_mobile":0,"ocean_menu_typo_line_height_unit":"","ocean_menu_typo_spacing":0,"ocean_menu_typo_spacing_tablet":0,"ocean_menu_typo_spacing_mobile":0,"ocean_menu_typo_spacing_unit":"","ocean_menu_link_color":"","ocean_menu_link_color_hover":"","ocean_menu_link_color_active":"","ocean_menu_link_background":"","ocean_menu_link_hover_background":"","ocean_menu_link_active_background":"","ocean_menu_social_links_bg":"","ocean_menu_social_hover_links_bg":"","ocean_menu_social_links_color":"","ocean_menu_social_hover_links_color":"","ocean_disable_title":"default","ocean_disable_heading":"default","ocean_post_title":"","ocean_post_subheading":"","ocean_post_title_style":"","ocean_post_title_background_color":"","ocean_post_title_background":0,"ocean_post_title_bg_image_position":"","ocean_post_title_bg_image_attachment":"","ocean_post_title_bg_image_repeat":"","ocean_post_title_bg_image_size":"","ocean_post_title_height":0,"ocean_post_title_bg_overlay":0.5,"ocean_post_title_bg_overlay_color":"","ocean_disable_breadcrumbs":"default","ocean_breadcrumbs_color":"","ocean_breadcrumbs_separator_color":"","ocean_breadcrumbs_links_color":"","ocean_breadcrumbs_links_hover_color":"","ocean_display_footer_widgets":"default","ocean_display_footer_bottom":"default","ocean_custom_footer_template":""},"product_brand":[],"product_cat":[121,37,123,97],"product_tag":[],"class_list":{"0":"post-5325","1":"product","2":"type-product","3":"status-publish","4":"has-post-thumbnail","6":"product_cat-goodies","7":"product_cat-stickers","8":"product_cat-stickers-cartes","9":"product_cat-stocks-limites","11":"entry","12":"has-media","14":"first","15":"instock","16":"shipping-taxable","17":"purchasable","18":"product-type-simple","19":"has-product-nav","20":"col","21":"span_1_of_4","22":"owp-content-center","23":"owp-thumbs-layout-horizontal","24":"owp-btn-normal","25":"owp-tabs-layout-horizontal"},"yoast_head":"<!-- This site is optimized with the Yoast SEO plugin v27.4 - https:\/\/yoast.com\/product\/yoast-seo-wordpress\/ -->\n<title>Roller Derby Pinup : Stickers originaux pour les passionn\u00e9s<\/title>\n<meta name=\"description\" content=\"Sticker vinyle &#039;Ride or Die&#039; pour amateurs de roller derby et pinup. Taille : 76 x 57 mm. Exprimez votre d\u00e9termination avec style.\" \/>\n<meta name=\"robots\" content=\"index, follow, max-snippet:-1, max-image-preview:large, max-video-preview:-1\" \/>\n<link rel=\"canonical\" href=\"https:\/\/loubasali.com\/en\/product\/roller-derby-pinup\/\" \/>\n<meta property=\"og:locale\" content=\"en_US\" \/>\n<meta property=\"og:type\" content=\"article\" \/>\n<meta property=\"og:title\" content=\"Roller Derby Pinup : Stickers originaux pour les passionn\u00e9s\" \/>\n<meta property=\"og:description\" content=\"Sticker vinyle &#039;Ride or Die&#039; pour amateurs de roller derby et pinup. Taille : 76 x 57 mm. Exprimez votre d\u00e9termination avec style.\" \/>\n<meta property=\"og:url\" content=\"https:\/\/loubasali.com\/en\/product\/roller-derby-pinup\/\" \/>\n<meta property=\"article:modified_time\" content=\"2026-04-19T18:09:47+00:00\" \/>\n<meta property=\"og:image\" content=\"https:\/\/loubasali.com\/wp-content\/uploads\/2023\/10\/Ride-or-die-2.jpg\" \/>\n\t<meta property=\"og:image:width\" content=\"1000\" \/>\n\t<meta property=\"og:image:height\" content=\"1000\" \/>\n\t<meta property=\"og:image:type\" content=\"image\/jpeg\" \/>\n<meta name=\"twitter:card\" content=\"summary_large_image\" \/>\n<meta name=\"twitter:label1\" content=\"Est. reading time\" \/>\n\t<meta name=\"twitter:data1\" content=\"1 minute\" \/>\n<script type=\"application\/ld+json\" class=\"yoast-schema-graph\">{\"@context\":\"https:\\\/\\\/schema.org\",\"@graph\":[{\"@type\":\"WebPage\",\"@id\":\"https:\\\/\\\/loubasali.com\\\/produit\\\/roller-derby-pinup\\\/\",\"url\":\"https:\\\/\\\/loubasali.com\\\/produit\\\/roller-derby-pinup\\\/\",\"name\":\"Roller Derby Pinup : Stickers originaux pour les passionn\u00e9s\",\"isPartOf\":{\"@id\":\"https:\\\/\\\/loubasali.com\\\/#website\"},\"primaryImageOfPage\":{\"@id\":\"https:\\\/\\\/loubasali.com\\\/produit\\\/roller-derby-pinup\\\/#primaryimage\"},\"image\":{\"@id\":\"https:\\\/\\\/loubasali.com\\\/produit\\\/roller-derby-pinup\\\/#primaryimage\"},\"thumbnailUrl\":\"https:\\\/\\\/loubasali.com\\\/wp-content\\\/uploads\\\/2023\\\/10\\\/Ride-or-die-2.jpg\",\"datePublished\":\"2023-10-02T12:42:51+00:00\",\"dateModified\":\"2026-04-19T18:09:47+00:00\",\"description\":\"Sticker vinyle 'Ride or Die' pour amateurs de roller derby et pinup. Taille : 76 x 57 mm. Exprimez votre d\u00e9termination avec style.\",\"breadcrumb\":{\"@id\":\"https:\\\/\\\/loubasali.com\\\/produit\\\/roller-derby-pinup\\\/#breadcrumb\"},\"inLanguage\":\"en-US\",\"potentialAction\":[{\"@type\":\"ReadAction\",\"target\":[\"https:\\\/\\\/loubasali.com\\\/produit\\\/roller-derby-pinup\\\/\"]}]},{\"@type\":\"ImageObject\",\"inLanguage\":\"en-US\",\"@id\":\"https:\\\/\\\/loubasali.com\\\/produit\\\/roller-derby-pinup\\\/#primaryimage\",\"url\":\"https:\\\/\\\/loubasali.com\\\/wp-content\\\/uploads\\\/2023\\\/10\\\/Ride-or-die-2.jpg\",\"contentUrl\":\"https:\\\/\\\/loubasali.com\\\/wp-content\\\/uploads\\\/2023\\\/10\\\/Ride-or-die-2.jpg\",\"width\":1000,\"height\":1000,\"caption\":\"Sticker Roller Derby Pinup en vinyle de haute qualit\u00e9.\"},{\"@type\":\"BreadcrumbList\",\"@id\":\"https:\\\/\\\/loubasali.com\\\/produit\\\/roller-derby-pinup\\\/#breadcrumb\",\"itemListElement\":[{\"@type\":\"ListItem\",\"position\":1,\"name\":\"Accueil\",\"item\":\"https:\\\/\\\/loubasali.com\\\/\"},{\"@type\":\"ListItem\",\"position\":2,\"name\":\"Produits\",\"item\":\"https:\\\/\\\/loubasali.com\\\/idees-cadeaux-pinup-vintage-essonne\\\/\"},{\"@type\":\"ListItem\",\"position\":3,\"name\":\"Stickers Ride or die\"}]},{\"@type\":\"WebSite\",\"@id\":\"https:\\\/\\\/loubasali.com\\\/#website\",\"url\":\"https:\\\/\\\/loubasali.com\\\/\",\"name\":\"\",\"description\":\"\",\"potentialAction\":[{\"@type\":\"SearchAction\",\"target\":{\"@type\":\"EntryPoint\",\"urlTemplate\":\"https:\\\/\\\/loubasali.com\\\/?s={search_term_string}\"},\"query-input\":{\"@type\":\"PropertyValueSpecification\",\"valueRequired\":true,\"valueName\":\"search_term_string\"}}],\"inLanguage\":\"en-US\"}]}<\/script>\n<!-- \/ Yoast SEO plugin. -->","yoast_head_json":{"title":"Roller Derby Pinup : Stickers originaux pour les passionn\u00e9s","description":"Sticker vinyle 'Ride or Die' pour amateurs de roller derby et pinup. Taille : 76 x 57 mm. Exprimez votre d\u00e9termination avec style.","robots":{"index":"index","follow":"follow","max-snippet":"max-snippet:-1","max-image-preview":"max-image-preview:large","max-video-preview":"max-video-preview:-1"},"canonical":"https:\/\/loubasali.com\/en\/product\/roller-derby-pinup\/","og_locale":"en_US","og_type":"article","og_title":"Roller Derby Pinup : Stickers originaux pour les passionn\u00e9s","og_description":"Sticker vinyle 'Ride or Die' pour amateurs de roller derby et pinup. Taille : 76 x 57 mm. Exprimez votre d\u00e9termination avec style.","og_url":"https:\/\/loubasali.com\/en\/product\/roller-derby-pinup\/","article_modified_time":"2026-04-19T18:09:47+00:00","og_image":[{"width":1000,"height":1000,"url":"https:\/\/loubasali.com\/wp-content\/uploads\/2023\/10\/Ride-or-die-2.jpg","type":"image\/jpeg"}],"twitter_card":"summary_large_image","twitter_misc":{"Est. reading time":"1 minute"},"schema":{"@context":"https:\/\/schema.org","@graph":[{"@type":"WebPage","@id":"https:\/\/loubasali.com\/produit\/roller-derby-pinup\/","url":"https:\/\/loubasali.com\/produit\/roller-derby-pinup\/","name":"Roller Derby Pinup : Stickers originaux pour les passionn\u00e9s","isPartOf":{"@id":"https:\/\/loubasali.com\/#website"},"primaryImageOfPage":{"@id":"https:\/\/loubasali.com\/produit\/roller-derby-pinup\/#primaryimage"},"image":{"@id":"https:\/\/loubasali.com\/produit\/roller-derby-pinup\/#primaryimage"},"thumbnailUrl":"https:\/\/loubasali.com\/wp-content\/uploads\/2023\/10\/Ride-or-die-2.jpg","datePublished":"2023-10-02T12:42:51+00:00","dateModified":"2026-04-19T18:09:47+00:00","description":"Sticker vinyle 'Ride or Die' pour amateurs de roller derby et pinup. Taille : 76 x 57 mm. Exprimez votre d\u00e9termination avec style.","breadcrumb":{"@id":"https:\/\/loubasali.com\/produit\/roller-derby-pinup\/#breadcrumb"},"inLanguage":"en-US","potentialAction":[{"@type":"ReadAction","target":["https:\/\/loubasali.com\/produit\/roller-derby-pinup\/"]}]},{"@type":"ImageObject","inLanguage":"en-US","@id":"https:\/\/loubasali.com\/produit\/roller-derby-pinup\/#primaryimage","url":"https:\/\/loubasali.com\/wp-content\/uploads\/2023\/10\/Ride-or-die-2.jpg","contentUrl":"https:\/\/loubasali.com\/wp-content\/uploads\/2023\/10\/Ride-or-die-2.jpg","width":1000,"height":1000,"caption":"Sticker Roller Derby Pinup en vinyle de haute qualit\u00e9."},{"@type":"BreadcrumbList","@id":"https:\/\/loubasali.com\/produit\/roller-derby-pinup\/#breadcrumb","itemListElement":[{"@type":"ListItem","position":1,"name":"Accueil","item":"https:\/\/loubasali.com\/"},{"@type":"ListItem","position":2,"name":"Produits","item":"https:\/\/loubasali.com\/idees-cadeaux-pinup-vintage-essonne\/"},{"@type":"ListItem","position":3,"name":"Stickers Ride or die"}]},{"@type":"WebSite","@id":"https:\/\/loubasali.com\/#website","url":"https:\/\/loubasali.com\/","name":"","description":"","potentialAction":[{"@type":"SearchAction","target":{"@type":"EntryPoint","urlTemplate":"https:\/\/loubasali.com\/?s={search_term_string}"},"query-input":{"@type":"PropertyValueSpecification","valueRequired":true,"valueName":"search_term_string"}}],"inLanguage":"en-US"}]}},"_links":{"self":[{"href":"https:\/\/loubasali.com\/en\/wp-json\/wp\/v2\/product\/5325","targetHints":{"allow":["GET"]}}],"collection":[{"href":"https:\/\/loubasali.com\/en\/wp-json\/wp\/v2\/product"}],"about":[{"href":"https:\/\/loubasali.com\/en\/wp-json\/wp\/v2\/types\/product"}],"version-history":[{"count":1,"href":"https:\/\/loubasali.com\/en\/wp-json\/wp\/v2\/product\/5325\/revisions"}],"predecessor-version":[{"id":8098,"href":"https:\/\/loubasali.com\/en\/wp-json\/wp\/v2\/product\/5325\/revisions\/8098"}],"wp:featuredmedia":[{"embeddable":true,"href":"https:\/\/loubasali.com\/en\/wp-json\/wp\/v2\/media\/5582"}],"wp:attachment":[{"href":"https:\/\/loubasali.com\/en\/wp-json\/wp\/v2\/media?parent=5325"}],"wp:term":[{"taxonomy":"product_brand","embeddable":true,"href":"https:\/\/loubasali.com\/en\/wp-json\/wp\/v2\/product_brand?post=5325"},{"taxonomy":"product_cat","embeddable":true,"href":"https:\/\/loubasali.com\/en\/wp-json\/wp\/v2\/product_cat?post=5325"},{"taxonomy":"product_tag","embeddable":true,"href":"https:\/\/loubasali.com\/en\/wp-json\/wp\/v2\/product_tag?post=5325"}],"curies":[{"name":"wp","href":"https:\/\/api.w.org\/{rel}","templated":true}]}}