{"id":5990,"date":"2023-10-01T16:49:26","date_gmt":"2023-10-01T15:49:26","guid":{"rendered":"https:\/\/loubasali.com\/?page_id=5990"},"modified":"2026-04-17T19:19:17","modified_gmt":"2026-04-17T18:19:17","slug":"illustration-pin-up-artiste-france","status":"publish","type":"page","link":"https:\/\/loubasali.com\/en\/illustration-pin-up-artiste-france\/","title":{"rendered":"Who am I?"},"content":{"rendered":"<div data-elementor-type=\"wp-page\" data-elementor-id=\"5990\" class=\"elementor elementor-5990\">\n\t\t\t\t<div class=\"elementor-element elementor-element-a9fcfc7 e-flex e-con-boxed e-con e-parent\" data-id=\"a9fcfc7\" data-element_type=\"container\" data-e-type=\"container\">\n\t\t\t\t\t<div class=\"e-con-inner\">\n\t\t\t\t<div class=\"elementor-element elementor-element-aa8850b elementor-widget elementor-widget-spacer\" data-id=\"aa8850b\" data-element_type=\"widget\" data-e-type=\"widget\" data-widget_type=\"spacer.default\">\n\t\t\t\t<div class=\"elementor-widget-container\">\n\t\t\t\t\t\t\t<div class=\"elementor-spacer\">\n\t\t\t<div class=\"elementor-spacer-inner\"><\/div>\n\t\t<\/div>\n\t\t\t\t\t\t<\/div>\n\t\t\t\t<\/div>\n\t\t\t\t\t<\/div>\n\t\t\t\t<\/div>\n\t\t<div class=\"elementor-element elementor-element-0be56ce e-flex e-con-boxed e-con e-parent\" data-id=\"0be56ce\" data-element_type=\"container\" data-e-type=\"container\">\n\t\t\t\t\t<div class=\"e-con-inner\">\n\t\t\t\t<div class=\"elementor-element elementor-element-7999c40 elementor-widget elementor-widget-heading\" data-id=\"7999c40\" data-element_type=\"widget\" data-e-type=\"widget\" data-widget_type=\"heading.default\">\n\t\t\t\t<div class=\"elementor-widget-container\">\n\t\t\t\t\t<h1 class=\"elementor-heading-title elementor-size-default\">Moi, c\u2019est Lou.<\/h1>\t\t\t\t<\/div>\n\t\t\t\t<\/div>\n\t\t\t\t\t<\/div>\n\t\t\t\t<\/div>\n\t\t\t\t<section class=\"elementor-section elementor-top-section elementor-element elementor-element-32df0a11 elementor-section-height-min-height elementor-section-boxed elementor-section-height-default elementor-section-items-middle\" data-id=\"32df0a11\" data-element_type=\"section\" data-e-type=\"section\" data-settings=\"{&quot;background_background&quot;:&quot;classic&quot;}\">\n\t\t\t\t\t\t<div class=\"elementor-container elementor-column-gap-default\">\n\t\t\t\t\t<div class=\"elementor-column elementor-col-100 elementor-top-column elementor-element elementor-element-7e6c497\" data-id=\"7e6c497\" data-element_type=\"column\" data-e-type=\"column\">\n\t\t\t<div class=\"elementor-widget-wrap elementor-element-populated\">\n\t\t\t\t\t\t<div class=\"elementor-element elementor-element-e7b9b45 elementor-widget elementor-widget-spacer\" data-id=\"e7b9b45\" data-element_type=\"widget\" data-e-type=\"widget\" data-widget_type=\"spacer.default\">\n\t\t\t\t<div class=\"elementor-widget-container\">\n\t\t\t\t\t\t\t<div class=\"elementor-spacer\">\n\t\t\t<div class=\"elementor-spacer-inner\"><\/div>\n\t\t<\/div>\n\t\t\t\t\t\t<\/div>\n\t\t\t\t<\/div>\n\t\t\t\t<div class=\"elementor-element elementor-element-6b13285b animated-slow elementor-invisible elementor-widget elementor-widget-heading\" data-id=\"6b13285b\" data-element_type=\"widget\" data-e-type=\"widget\" data-settings=\"{&quot;_animation&quot;:&quot;fadeInLeft&quot;}\" data-widget_type=\"heading.default\">\n\t\t\t\t<div class=\"elementor-widget-container\">\n\t\t\t\t\t<h2 class=\"elementor-heading-title elementor-size-default\">L'Artiste derri\u00e8re les Illustrations de Pin-up<\/h2>\t\t\t\t<\/div>\n\t\t\t\t<\/div>\n\t\t\t\t<section class=\"elementor-section elementor-inner-section elementor-element elementor-element-27fa6ee elementor-section-content-middle elementor-section-boxed elementor-section-height-default elementor-section-height-default\" data-id=\"27fa6ee\" data-element_type=\"section\" data-e-type=\"section\">\n\t\t\t\t\t\t<div class=\"elementor-container elementor-column-gap-default\">\n\t\t\t\t\t<div class=\"elementor-column elementor-col-50 elementor-inner-column elementor-element elementor-element-1c68e19a\" data-id=\"1c68e19a\" data-element_type=\"column\" data-e-type=\"column\">\n\t\t\t<div class=\"elementor-widget-wrap elementor-element-populated\">\n\t\t\t\t\t\t<div class=\"elementor-element elementor-element-21346a5 animated-slow elementor-widget elementor-widget-image\" data-id=\"21346a5\" data-element_type=\"widget\" data-e-type=\"widget\" data-settings=\"{&quot;_animation&quot;:&quot;none&quot;}\" data-widget_type=\"image.default\">\n\t\t\t\t<div class=\"elementor-widget-container\">\n\t\t\t\t\t\t\t\t\t\t\t\t\t\t\t<img fetchpriority=\"high\" decoding=\"async\" width=\"925\" height=\"978\" src=\"https:\/\/loubasali.com\/wp-content\/uploads\/2026\/04\/Lou-Basali.jpg\" class=\"attachment-full size-full wp-image-7960\" alt=\"\" srcset=\"https:\/\/loubasali.com\/wp-content\/uploads\/2026\/04\/Lou-Basali.jpg 925w, https:\/\/loubasali.com\/wp-content\/uploads\/2026\/04\/Lou-Basali-284x300.jpg 284w, https:\/\/loubasali.com\/wp-content\/uploads\/2026\/04\/Lou-Basali-768x812.jpg 768w, https:\/\/loubasali.com\/wp-content\/uploads\/2026\/04\/Lou-Basali-11x12.jpg 11w, https:\/\/loubasali.com\/wp-content\/uploads\/2026\/04\/Lou-Basali-300x317.jpg 300w\" sizes=\"(max-width: 925px) 100vw, 925px\" \/>\t\t\t\t\t\t\t\t\t\t\t\t\t\t\t<\/div>\n\t\t\t\t<\/div>\n\t\t\t\t\t<\/div>\n\t\t<\/div>\n\t\t\t\t<div class=\"elementor-column elementor-col-50 elementor-inner-column elementor-element elementor-element-64e42ee3\" data-id=\"64e42ee3\" data-element_type=\"column\" data-e-type=\"column\">\n\t\t\t<div class=\"elementor-widget-wrap elementor-element-populated\">\n\t\t\t\t\t\t<div class=\"elementor-element elementor-element-29e0e4e elementor-widget elementor-widget-spacer\" data-id=\"29e0e4e\" data-element_type=\"widget\" data-e-type=\"widget\" data-widget_type=\"spacer.default\">\n\t\t\t\t<div class=\"elementor-widget-container\">\n\t\t\t\t\t\t\t<div class=\"elementor-spacer\">\n\t\t\t<div class=\"elementor-spacer-inner\"><\/div>\n\t\t<\/div>\n\t\t\t\t\t\t<\/div>\n\t\t\t\t<\/div>\n\t\t\t\t<div class=\"elementor-element elementor-element-8729efb elementor-widget elementor-widget-text-editor\" data-id=\"8729efb\" data-element_type=\"widget\" data-e-type=\"widget\" data-widget_type=\"text-editor.default\">\n\t\t\t\t<div class=\"elementor-widget-container\">\n\t\t\t\t\t\t\t\t\t<p data-start=\"175\" data-end=\"205\">Hello, moi c\u2019est Lou Basali.<\/p>\n<p data-start=\"212\" data-end=\"320\">Bon, sur la photo j\u2019ai l\u2019air tr\u00e8s s\u00e9rieuse\u2026 mais en vrai je suis sympa, je mords pas. Enfin\u2026 sauf les crayons.<\/p>\n<p data-start=\"327\" data-end=\"532\">Je dessine des femmes. Principalement des pin-ups, mais aussi des personnages et des portraits. Ce qui m\u2019int\u00e9resse, c\u2019est l\u2019attitude, la pr\u00e9sence, ce petit truc qui fait qu\u2019un personnage existe vraiment.<\/p>\n<p data-start=\"539\" data-end=\"672\">Mon travail tourne autour de la f\u00e9minit\u00e9, avec des styles qui vont du plus cartoon au plus travaill\u00e9, toujours en digital painting.<\/p>\n<p data-start=\"162\" data-end=\"192\">\n<\/p><p data-start=\"679\" data-end=\"781\">Chaque illustration est une occasion d\u2019aller chercher quelque chose de visuel, de marquant, de vivant.<\/p><p data-start=\"679\" data-end=\"781\">Merci d\u2019\u00eatre l\u00e0\u2026 et attention, vous pourriez repartir avec une pin-up.<\/p>\t\t\t\t\t\t\t\t<\/div>\n\t\t\t\t<\/div>\n\t\t\t\t\t<\/div>\n\t\t<\/div>\n\t\t\t\t\t<\/div>\n\t\t<\/section>\n\t\t\t\t<div class=\"elementor-element elementor-element-26654d3 elementor-widget elementor-widget-spacer\" data-id=\"26654d3\" data-element_type=\"widget\" data-e-type=\"widget\" data-widget_type=\"spacer.default\">\n\t\t\t\t<div class=\"elementor-widget-container\">\n\t\t\t\t\t\t\t<div class=\"elementor-spacer\">\n\t\t\t<div class=\"elementor-spacer-inner\"><\/div>\n\t\t<\/div>\n\t\t\t\t\t\t<\/div>\n\t\t\t\t<\/div>\n\t\t\t\t<div class=\"elementor-element elementor-element-70486d3 animated-slow elementor-invisible elementor-widget elementor-widget-eael-creative-button\" data-id=\"70486d3\" data-element_type=\"widget\" data-e-type=\"widget\" data-settings=\"{&quot;_animation&quot;:&quot;fadeInUp&quot;}\" data-widget_type=\"eael-creative-button.default\">\n\t\t\t\t<div class=\"elementor-widget-container\">\n\t\t\t\t\t        <div class=\"eael-creative-button-wrapper\">\n\n            <a class=\"eael-creative-button eael-creative-button--default eael-cb-icon-position-\" href=\"https:\/\/loubasali.com\/en\/pin-ups\/\" data-text=\"D\u00e9couvrir ma Galerie\">\n            \t    \n                <div class=\"creative-button-inner\">\n\n                    \n                    <span class=\"cretive-button-text\">Explore my gallery<\/span>\n\n                                    <\/div>\n\t                        <\/a>\n        <\/div>\n        \t\t\t\t<\/div>\n\t\t\t\t<\/div>\n\t\t\t\t<div class=\"elementor-element elementor-element-d22585b elementor-widget elementor-widget-spacer\" data-id=\"d22585b\" data-element_type=\"widget\" data-e-type=\"widget\" data-widget_type=\"spacer.default\">\n\t\t\t\t<div class=\"elementor-widget-container\">\n\t\t\t\t\t\t\t<div class=\"elementor-spacer\">\n\t\t\t<div class=\"elementor-spacer-inner\"><\/div>\n\t\t<\/div>\n\t\t\t\t\t\t<\/div>\n\t\t\t\t<\/div>\n\t\t\t\t\t<\/div>\n\t\t<\/div>\n\t\t\t\t\t<\/div>\n\t\t<\/section>\n\t\t\t\t<\/div>","protected":false},"excerpt":{"rendered":"<p>Moi, c\u2019est Lou. L&rsquo;Artiste derri\u00e8re les Illustrations de Pin-up Hello, moi c\u2019est Lou Basali. Bon, sur la photo j\u2019ai l\u2019air tr\u00e8s s\u00e9rieuse\u2026 mais en vrai je suis sympa, je mords pas. Enfin\u2026 sauf les crayons. Je dessine des femmes. Principalement des pin-ups, mais aussi des personnages et des portraits. Ce qui m\u2019int\u00e9resse, c\u2019est l\u2019attitude, la [&hellip;]<\/p>\n","protected":false},"author":1,"featured_media":5271,"parent":0,"menu_order":0,"comment_status":"closed","ping_status":"closed","template":"","meta":{"_eb_attr":"","_crdt_document":"","ocean_post_layout":"","ocean_both_sidebars_style":"","ocean_both_sidebars_content_width":0,"ocean_both_sidebars_sidebars_width":0,"ocean_sidebar":"","ocean_second_sidebar":"","ocean_disable_margins":"enable","ocean_add_body_class":"","ocean_shortcode_before_top_bar":"","ocean_shortcode_after_top_bar":"","ocean_shortcode_before_header":"","ocean_shortcode_after_header":"","ocean_has_shortcode":"","ocean_shortcode_after_title":"","ocean_shortcode_before_footer_widgets":"","ocean_shortcode_after_footer_widgets":"","ocean_shortcode_before_footer_bottom":"","ocean_shortcode_after_footer_bottom":"","ocean_display_top_bar":"default","ocean_display_header":"default","ocean_header_style":"","ocean_center_header_left_menu":"","ocean_custom_header_template":"","ocean_custom_logo":0,"ocean_custom_retina_logo":0,"ocean_custom_logo_max_width":0,"ocean_custom_logo_tablet_max_width":0,"ocean_custom_logo_mobile_max_width":0,"ocean_custom_logo_max_height":0,"ocean_custom_logo_tablet_max_height":0,"ocean_custom_logo_mobile_max_height":0,"ocean_header_custom_menu":"","ocean_menu_typo_font_family":"","ocean_menu_typo_font_subset":"","ocean_menu_typo_font_size":0,"ocean_menu_typo_font_size_tablet":0,"ocean_menu_typo_font_size_mobile":0,"ocean_menu_typo_font_size_unit":"px","ocean_menu_typo_font_weight":"","ocean_menu_typo_font_weight_tablet":"","ocean_menu_typo_font_weight_mobile":"","ocean_menu_typo_transform":"","ocean_menu_typo_transform_tablet":"","ocean_menu_typo_transform_mobile":"","ocean_menu_typo_line_height":0,"ocean_menu_typo_line_height_tablet":0,"ocean_menu_typo_line_height_mobile":0,"ocean_menu_typo_line_height_unit":"","ocean_menu_typo_spacing":0,"ocean_menu_typo_spacing_tablet":0,"ocean_menu_typo_spacing_mobile":0,"ocean_menu_typo_spacing_unit":"","ocean_menu_link_color":"","ocean_menu_link_color_hover":"","ocean_menu_link_color_active":"","ocean_menu_link_background":"","ocean_menu_link_hover_background":"","ocean_menu_link_active_background":"","ocean_menu_social_links_bg":"","ocean_menu_social_hover_links_bg":"","ocean_menu_social_links_color":"","ocean_menu_social_hover_links_color":"","ocean_disable_title":"default","ocean_disable_heading":"default","ocean_post_title":"","ocean_post_subheading":"","ocean_post_title_style":"","ocean_post_title_background_color":"","ocean_post_title_background":0,"ocean_post_title_bg_image_position":"","ocean_post_title_bg_image_attachment":"","ocean_post_title_bg_image_repeat":"","ocean_post_title_bg_image_size":"","ocean_post_title_height":0,"ocean_post_title_bg_overlay":0.5,"ocean_post_title_bg_overlay_color":"","ocean_disable_breadcrumbs":"default","ocean_breadcrumbs_color":"","ocean_breadcrumbs_separator_color":"","ocean_breadcrumbs_links_color":"","ocean_breadcrumbs_links_hover_color":"","ocean_display_footer_widgets":"default","ocean_display_footer_bottom":"default","ocean_custom_footer_template":"","footnotes":""},"class_list":["post-5990","page","type-page","status-publish","has-post-thumbnail","hentry","entry","has-media","owp-thumbs-layout-horizontal","owp-btn-normal","owp-tabs-layout-horizontal","has-no-thumbnails","has-product-nav"],"yoast_head":"<!-- This site is optimized with the Yoast SEO plugin v27.4 - https:\/\/yoast.com\/product\/yoast-seo-wordpress\/ -->\n<title>Illustrations de Pin-up : D\u00e9couvrez l&#039;Artiste derri\u00e8re les \u0152uvres.<\/title>\n<meta name=\"description\" content=\"D\u00e9couvrez Lou Basali, l&#039;artiste derri\u00e8re les illustrations de pin-up. Explorez son univers artistique unique et sa passion pour la f\u00e9minit\u00e9.\" \/>\n<meta name=\"robots\" content=\"index, follow, max-snippet:-1, max-image-preview:large, max-video-preview:-1\" \/>\n<link rel=\"canonical\" href=\"https:\/\/loubasali.com\/en\/illustration-pin-up-artiste-france\/\" \/>\n<meta property=\"og:locale\" content=\"en_US\" \/>\n<meta property=\"og:type\" content=\"article\" \/>\n<meta property=\"og:title\" content=\"Illustrations de Pin-up : D\u00e9couvrez l&#039;Artiste derri\u00e8re les \u0152uvres.\" \/>\n<meta property=\"og:description\" content=\"D\u00e9couvrez Lou Basali, l&#039;artiste derri\u00e8re les illustrations de pin-up. Explorez son univers artistique unique et sa passion pour la f\u00e9minit\u00e9.\" \/>\n<meta property=\"og:url\" content=\"https:\/\/loubasali.com\/en\/illustration-pin-up-artiste-france\/\" \/>\n<meta property=\"article:modified_time\" content=\"2026-04-17T18:19:17+00:00\" \/>\n<meta property=\"og:image\" content=\"https:\/\/loubasali.com\/wp-content\/uploads\/2023\/02\/IMG_20230216_094208_46112.jpg\" \/>\n\t<meta property=\"og:image:width\" content=\"1080\" \/>\n\t<meta property=\"og:image:height\" content=\"1446\" \/>\n\t<meta property=\"og:image:type\" content=\"image\/jpeg\" \/>\n<meta name=\"twitter:card\" content=\"summary_large_image\" \/>\n<meta name=\"twitter:label1\" content=\"Est. reading time\" \/>\n\t<meta name=\"twitter:data1\" content=\"1 minute\" \/>\n<script type=\"application\/ld+json\" class=\"yoast-schema-graph\">{\"@context\":\"https:\\\/\\\/schema.org\",\"@graph\":[{\"@type\":\"WebPage\",\"@id\":\"https:\\\/\\\/loubasali.com\\\/illustration-pin-up-artiste-france\\\/\",\"url\":\"https:\\\/\\\/loubasali.com\\\/illustration-pin-up-artiste-france\\\/\",\"name\":\"Illustrations de Pin-up : D\u00e9couvrez l'Artiste derri\u00e8re les \u0152uvres.\",\"isPartOf\":{\"@id\":\"https:\\\/\\\/loubasali.com\\\/#website\"},\"primaryImageOfPage\":{\"@id\":\"https:\\\/\\\/loubasali.com\\\/illustration-pin-up-artiste-france\\\/#primaryimage\"},\"image\":{\"@id\":\"https:\\\/\\\/loubasali.com\\\/illustration-pin-up-artiste-france\\\/#primaryimage\"},\"thumbnailUrl\":\"https:\\\/\\\/loubasali.com\\\/wp-content\\\/uploads\\\/2023\\\/02\\\/IMG_20230216_094208_46112.jpg\",\"datePublished\":\"2023-10-01T15:49:26+00:00\",\"dateModified\":\"2026-04-17T18:19:17+00:00\",\"description\":\"D\u00e9couvrez Lou Basali, l'artiste derri\u00e8re les illustrations de pin-up. Explorez son univers artistique unique et sa passion pour la f\u00e9minit\u00e9.\",\"breadcrumb\":{\"@id\":\"https:\\\/\\\/loubasali.com\\\/illustration-pin-up-artiste-france\\\/#breadcrumb\"},\"inLanguage\":\"en-US\",\"potentialAction\":[{\"@type\":\"ReadAction\",\"target\":[\"https:\\\/\\\/loubasali.com\\\/illustration-pin-up-artiste-france\\\/\"]}]},{\"@type\":\"ImageObject\",\"inLanguage\":\"en-US\",\"@id\":\"https:\\\/\\\/loubasali.com\\\/illustration-pin-up-artiste-france\\\/#primaryimage\",\"url\":\"https:\\\/\\\/loubasali.com\\\/wp-content\\\/uploads\\\/2023\\\/02\\\/IMG_20230216_094208_46112.jpg\",\"contentUrl\":\"https:\\\/\\\/loubasali.com\\\/wp-content\\\/uploads\\\/2023\\\/02\\\/IMG_20230216_094208_46112.jpg\",\"width\":1080,\"height\":1446,\"caption\":\"Lou Basali illustrations pin-up retro vintage art\"},{\"@type\":\"BreadcrumbList\",\"@id\":\"https:\\\/\\\/loubasali.com\\\/illustration-pin-up-artiste-france\\\/#breadcrumb\",\"itemListElement\":[{\"@type\":\"ListItem\",\"position\":1,\"name\":\"Accueil\",\"item\":\"https:\\\/\\\/loubasali.com\\\/\"},{\"@type\":\"ListItem\",\"position\":2,\"name\":\"Qui suis-je ?\"}]},{\"@type\":\"WebSite\",\"@id\":\"https:\\\/\\\/loubasali.com\\\/#website\",\"url\":\"https:\\\/\\\/loubasali.com\\\/\",\"name\":\"\",\"description\":\"\",\"potentialAction\":[{\"@type\":\"SearchAction\",\"target\":{\"@type\":\"EntryPoint\",\"urlTemplate\":\"https:\\\/\\\/loubasali.com\\\/?s={search_term_string}\"},\"query-input\":{\"@type\":\"PropertyValueSpecification\",\"valueRequired\":true,\"valueName\":\"search_term_string\"}}],\"inLanguage\":\"en-US\"}]}<\/script>\n<!-- \/ Yoast SEO plugin. -->","yoast_head_json":{"title":"Illustrations de Pin-up : D\u00e9couvrez l'Artiste derri\u00e8re les \u0152uvres.","description":"D\u00e9couvrez Lou Basali, l'artiste derri\u00e8re les illustrations de pin-up. Explorez son univers artistique unique et sa passion pour la f\u00e9minit\u00e9.","robots":{"index":"index","follow":"follow","max-snippet":"max-snippet:-1","max-image-preview":"max-image-preview:large","max-video-preview":"max-video-preview:-1"},"canonical":"https:\/\/loubasali.com\/en\/illustration-pin-up-artiste-france\/","og_locale":"en_US","og_type":"article","og_title":"Illustrations de Pin-up : D\u00e9couvrez l'Artiste derri\u00e8re les \u0152uvres.","og_description":"D\u00e9couvrez Lou Basali, l'artiste derri\u00e8re les illustrations de pin-up. Explorez son univers artistique unique et sa passion pour la f\u00e9minit\u00e9.","og_url":"https:\/\/loubasali.com\/en\/illustration-pin-up-artiste-france\/","article_modified_time":"2026-04-17T18:19:17+00:00","og_image":[{"width":1080,"height":1446,"url":"https:\/\/loubasali.com\/wp-content\/uploads\/2023\/02\/IMG_20230216_094208_46112.jpg","type":"image\/jpeg"}],"twitter_card":"summary_large_image","twitter_misc":{"Est. reading time":"1 minute"},"schema":{"@context":"https:\/\/schema.org","@graph":[{"@type":"WebPage","@id":"https:\/\/loubasali.com\/illustration-pin-up-artiste-france\/","url":"https:\/\/loubasali.com\/illustration-pin-up-artiste-france\/","name":"Illustrations de Pin-up : D\u00e9couvrez l'Artiste derri\u00e8re les \u0152uvres.","isPartOf":{"@id":"https:\/\/loubasali.com\/#website"},"primaryImageOfPage":{"@id":"https:\/\/loubasali.com\/illustration-pin-up-artiste-france\/#primaryimage"},"image":{"@id":"https:\/\/loubasali.com\/illustration-pin-up-artiste-france\/#primaryimage"},"thumbnailUrl":"https:\/\/loubasali.com\/wp-content\/uploads\/2023\/02\/IMG_20230216_094208_46112.jpg","datePublished":"2023-10-01T15:49:26+00:00","dateModified":"2026-04-17T18:19:17+00:00","description":"D\u00e9couvrez Lou Basali, l'artiste derri\u00e8re les illustrations de pin-up. Explorez son univers artistique unique et sa passion pour la f\u00e9minit\u00e9.","breadcrumb":{"@id":"https:\/\/loubasali.com\/illustration-pin-up-artiste-france\/#breadcrumb"},"inLanguage":"en-US","potentialAction":[{"@type":"ReadAction","target":["https:\/\/loubasali.com\/illustration-pin-up-artiste-france\/"]}]},{"@type":"ImageObject","inLanguage":"en-US","@id":"https:\/\/loubasali.com\/illustration-pin-up-artiste-france\/#primaryimage","url":"https:\/\/loubasali.com\/wp-content\/uploads\/2023\/02\/IMG_20230216_094208_46112.jpg","contentUrl":"https:\/\/loubasali.com\/wp-content\/uploads\/2023\/02\/IMG_20230216_094208_46112.jpg","width":1080,"height":1446,"caption":"Lou Basali illustrations pin-up retro vintage art"},{"@type":"BreadcrumbList","@id":"https:\/\/loubasali.com\/illustration-pin-up-artiste-france\/#breadcrumb","itemListElement":[{"@type":"ListItem","position":1,"name":"Accueil","item":"https:\/\/loubasali.com\/"},{"@type":"ListItem","position":2,"name":"Qui suis-je ?"}]},{"@type":"WebSite","@id":"https:\/\/loubasali.com\/#website","url":"https:\/\/loubasali.com\/","name":"","description":"","potentialAction":[{"@type":"SearchAction","target":{"@type":"EntryPoint","urlTemplate":"https:\/\/loubasali.com\/?s={search_term_string}"},"query-input":{"@type":"PropertyValueSpecification","valueRequired":true,"valueName":"search_term_string"}}],"inLanguage":"en-US"}]}},"_links":{"self":[{"href":"https:\/\/loubasali.com\/en\/wp-json\/wp\/v2\/pages\/5990","targetHints":{"allow":["GET"]}}],"collection":[{"href":"https:\/\/loubasali.com\/en\/wp-json\/wp\/v2\/pages"}],"about":[{"href":"https:\/\/loubasali.com\/en\/wp-json\/wp\/v2\/types\/page"}],"author":[{"embeddable":true,"href":"https:\/\/loubasali.com\/en\/wp-json\/wp\/v2\/users\/1"}],"replies":[{"embeddable":true,"href":"https:\/\/loubasali.com\/en\/wp-json\/wp\/v2\/comments?post=5990"}],"version-history":[{"count":6,"href":"https:\/\/loubasali.com\/en\/wp-json\/wp\/v2\/pages\/5990\/revisions"}],"predecessor-version":[{"id":7966,"href":"https:\/\/loubasali.com\/en\/wp-json\/wp\/v2\/pages\/5990\/revisions\/7966"}],"wp:featuredmedia":[{"embeddable":true,"href":"https:\/\/loubasali.com\/en\/wp-json\/wp\/v2\/media\/5271"}],"wp:attachment":[{"href":"https:\/\/loubasali.com\/en\/wp-json\/wp\/v2\/media?parent=5990"}],"curies":[{"name":"wp","href":"https:\/\/api.w.org\/{rel}","templated":true}]}}